{"id":682,"date":"2024-04-22T23:26:20","date_gmt":"2024-04-22T21:26:20","guid":{"rendered":"https:\/\/yogaoffice.hostedfortoday.com\/yoga-pilates-en-entreprise\/"},"modified":"2024-06-13T11:30:38","modified_gmt":"2024-06-13T09:30:38","slug":"yoga-pilates-op-de-werkplek","status":"publish","type":"page","link":"https:\/\/yogaoffice.hostedfortoday.com\/nl\/yoga-pilates-op-de-werkplek\/","title":{"rendered":"yoga &#038; pilates op de werkplek"},"content":{"rendered":"","protected":false},"excerpt":{"rendered":"","protected":false},"author":1,"featured_media":1771,"parent":0,"menu_order":0,"comment_status":"closed","ping_status":"closed","template":"","meta":{"_acf_changed":false,"footnotes":""},"class_list":["post-682","page","type-page","status-publish","has-post-thumbnail","hentry"],"acf":{"sections":[{"acf_fc_layout":"quote","identifiant_section":"","motifs":"none","quote":"Ontdek de impact van onze lessen op het welzijn en de productiviteit van je teams","auteur":""},{"acf_fc_layout":"content","identifiant_section":"intro","titre":"","content":"<span style=\"font-weight: 400;\">Onze yoga- en pilates lessen bieden je werknemers de perfecte balans tussen kracht en flexibiliteit, vitaliteit en ontspanning. Ze zijn ontworpen voor de kantooromgeving en geschikt voor iedereen. Het aanbieden van deze lessen in je bedrijf bevordert niet alleen het fysieke en mentale welzijn van je werknemers - en dus hun prestaties - maar positioneert jouw bedrijf ook als een aantrekkelijke werkgever.<\/span>","liens":null},{"acf_fc_layout":"content","identifiant_section":"Hoe is de algemene kwaliteit van het beroepsleven in je bedrijf? ","titre":"Hoe is de algemene kwaliteit van het beroepsleven in je bedrijf? ","content":"Medewerkers werken vaak het grootste deel van de dag in dezelfde houding. En dat zorgt voor fysieke spanningen, zoals rugpijn en nekpijn. Ook mentale spanning door <strong>slecht stressmanagement<\/strong> of vermoeidheid wordt door de meeste werknemers regelmatig aangehaald.\r\n\r\nDeze elementen be\u00efnvloeden helaas de resultaten van je bedrijf. Geef je teams dus de kans om zich beter te voelen.\r\n\r\nOnze yoga-, pilates- en ontspanningslessen zorgen voor <strong>een ontspannen sfeer en voorkomen fysieke spanning<\/strong> (<a href=\"https:\/\/yogaoffice.hostedfortoday.com\/nl\/pourquoi-le-bien-etre-au-travail-est-il-important\/\">meer hierover in ons artikel<\/a>). Het resultaat? Rustige, gefocuste werknemers die graag willen bijdragen aan de missie van je bedrijf.\r\n\r\nMet de huidige hybride werkcultuur bieden deze lessen ook <strong>een geweldige motivatie voor je werknemers om naar kantoor te komen<\/strong> waar ze anderen kunnen ontmoeten tijdens deze momenten van welzijn.\r\n\r\n<a href=\"https:\/\/yogaoffice.hostedfortoday.com\/nl\/over-yogaoffice\/#klanten\">Klanten die ons sinds 2018 hun vertrouwen hebben gegeven<\/a>, zijn blij met het positieve beeld dat ze nu naar hun teams uitstralen.","liens":[{"type_de_lien":true,"new_frame":false,"titre_lien":"Ik wil graag gecontacteerd worden","ancre":"","lien":"mailto:candice@yogaoffice.be"}]},{"acf_fc_layout":"grande_image","identifiant_section":"","image":1775},{"acf_fc_layout":"content","identifiant_section":"De voordelen van deze corporate lessen","titre":"De voordelen van deze corporate lessen","content":"<h3><span style=\"font-weight: 400;\">Yogalessen voor bedrijven<\/span><\/h3>\r\n<b>Talloze wetenschappelijke onderzoeken <\/b><span style=\"font-weight: 400;\">tonen de voordelen van yoga aan. Het heeft invloed op stress, het <\/span><b>voorkomen van depressie<\/b><span style=\"font-weight: 400;\">, geheugen, <\/span><b>concentratie<\/b><span style=\"font-weight: 400;\">, rugpijn en slaap.<\/span>\r\n\r\n<span style=\"font-weight: 400;\">Door te focussen op de ademhaling en lichaamshouding, zorgen we voor diepe ontspanning en een geweldig mentaal en fysiek welzijn (<\/span><span style=\"font-weight: 400;\">lees ons artikel over dit onderwerp op Linkedin<\/span><span style=\"font-weight: 400;\">).<\/span>\r\n<h3><span style=\"font-weight: 400;\">Pilates lessen voor bedrijven\u00a0<\/span><\/h3>\r\n<span style=\"font-weight: 400;\">Pilates staat bekend om het <\/span><b>voorkomen en verbeteren van rugpijn<\/b><span style=\"font-weight: 400;\">. Waar yoga het hele lichaam betrekt, richten pilates lessen zich meer specifiek op de rug en de core. We werken op de diepe spieren, waardoor we de <\/span><b>buikgordel<\/b><span style=\"font-weight: 400;\"> versterken. Dit helpt voor een betere lichaamshouding in het dagelijks leven.\u00a0<\/span>\r\n\r\n<span style=\"font-weight: 400;\">Combineer de voordelen van yoga en pilates door af te wisselen tussen de twee disciplines. Ze vullen elkaar perfect aan!<\/span>\r\n<h3><span style=\"font-weight: 400;\">Ontdek ook Do in op het werk\u00a0\u00a0<\/span><\/h3>\r\n<span style=\"font-weight: 400;\">Deze discipline baseert zich op Shiatsu. Ze <\/span><b>bevrijdt gewrichten <\/b><span style=\"font-weight: 400;\">door stretching, door het aantikken van specifieke acupunctuurpunten en door <\/span><b>zelfmassage<\/b><span style=\"font-weight: 400;\">.\u00a0<\/span>\r\n\r\n<span style=\"font-weight: 400;\">Do in brengt de energiecirculatie in balans en versterkt het immuunsysteem. Een zeer toegankelijke praktijk met een zachte benadering.\u00a0<\/span>","liens":null},{"acf_fc_layout":"quote","identifiant_section":"","motifs":"motif2","quote":"I LOVED IT! It was the perfect level of intensity (not too intense) in my opinion. I really appreciate the exercises that focus on our back, which is under so much stress if you work all day all week behind a computer sitting down. I hope these lessons can continue !","auteur":"Een deelnemer bij IDEA CONSULT"},{"acf_fc_layout":"slider_images","identifiant_section":"","images":[1800,241,1796,235,1787,232,229,226,1806,220,1778,1462,1781,1784,1790,1793]},{"acf_fc_layout":"content","identifiant_section":"Ontspanning, nordic walking en andere opties","titre":"Ontspanning, nordic walking en andere opties","content":"<span style=\"font-weight: 400;\">We organiseren ook <\/span><b>begeleide ontspanningssessies<\/b><span style=\"font-weight: 400;\">, gebaseerd op yoga nidra of <\/span><b>sofrologie<\/b><span style=\"font-weight: 400;\">. Deze sessies zijn ideaal om bijvoorbeeld een welzijnsdag af te ronden of als onderdeel van een welzijnsprogramma.\u00a0<\/span>\r\n\r\n<span style=\"font-weight: 400;\">Kies voor een begeleiding met geluidsvibraties - sound healing - voor een nog meer originele, diepgaande en balancerende ervaring. Zeer vitaliserend en <\/span><b>zonder lichamelijke inspanning<\/b><span style=\"font-weight: 400;\">.<\/span>\r\n\r\n<span style=\"font-weight: 400;\">Ook Nordic walking,<\/span><b> qi gong<\/b><span style=\"font-weight: 400;\"> en <\/span><b>stretching<\/b><span style=\"font-weight: 400;\"> maken deel uit van ons aanbod. Bij Nordic walking zoeken we met wandelstokken de buitenlucht op. Bij qi gong maken we gebruik van heel zachte revitaliserende bewegingen.\u00a0<\/span>\r\n\r\n<span style=\"font-weight: 400;\">Heb je andere wensen? Neem dan zeker contact met ons op. Ons team heeft een brede expertise op het gebied van welzijn!<\/span>","liens":null},{"acf_fc_layout":"boutons","identifiant_section":"","liens":[{"type_de_lien":true,"new_frame":false,"titre_lien":"Ik wil graag een offerte","lien":"mailto:candice@yogaoffice.be","ancre":""}]},{"acf_fc_layout":"grande_image","identifiant_section":"","image":1803},{"acf_fc_layout":"content","identifiant_section":"Een welzijnsprogramma op maat voor jouw bedrijf","titre":"Een welzijnsprogramma op maat voor jouw bedrijf","content":"<span style=\"font-weight: 400;\">We cre\u00ebren het welzijnsprogramma dat het best past bij de behoeften en wensen van jouw teams. <\/span><b>We stemmen ons af op jouw wensen wat betreft ritme en planning<\/b><span style=\"font-weight: 400;\">. Ongeacht of het gaat om een regelmatige les (maandelijks, wekelijks, enz.) of een eenmalig evenement.<\/span>\r\n\r\n<span style=\"font-weight: 400;\">Ontdek onze creatieve alternatieven en combinaties, zoals :\u00a0<\/span>\r\n<ul>\r\n \t<li style=\"font-weight: 400;\" aria-level=\"1\"><b>stoelyoga<\/b><span style=\"font-weight: 400;\"> - met behulp van aanwezige bureaustoelen<\/span><\/li>\r\n \t<li style=\"font-weight: 400;\" aria-level=\"1\"><span style=\"font-weight: 400;\">fusion sessies waarbij we yoga combineren met ontspanning of mindfulness<\/span><\/li>\r\n \t<li style=\"font-weight: 400;\" aria-level=\"1\"><span style=\"font-weight: 400;\">\u201c<\/span><b>no sweat yoga<\/b><span style=\"font-weight: 400;\">\u201d indien er geen douches aanwezig zijn op kantoor<\/span><\/li>\r\n \t<li style=\"font-weight: 400;\" aria-level=\"1\"><span style=\"font-weight: 400;\">lessen die elkaar afwisselen in verschillende talen of disciplines<\/span><\/li>\r\n \t<li style=\"font-weight: 400;\" aria-level=\"1\"><span style=\"font-weight: 400;\">lessen met <\/span><b>muziek<\/b><\/li>\r\n \t<li style=\"font-weight: 400;\" aria-level=\"1\"><span style=\"font-weight: 400;\">enz.<\/span><\/li>\r\n<\/ul>\r\n<span style=\"font-weight: 400;\">Wij zorgen voor de hele organisatie en bieden je een <\/span><b>kant-en-klare oplossing<\/b><span style=\"font-weight: 400;\">:<\/span>\r\n<ul>\r\n \t<li style=\"font-weight: 400;\" aria-level=\"1\"><span style=\"font-weight: 400;\">we<\/span><b> leveren materiaal <\/b><span style=\"font-weight: 400;\">of geven advies over de aankoop van materiaal<\/span><\/li>\r\n \t<li style=\"font-weight: 400;\" aria-level=\"1\"><span style=\"font-weight: 400;\">we zorgen voor vervanging als de docent verhinderd is om les te geven\u00a0<\/span><\/li>\r\n \t<li style=\"font-weight: 400;\" aria-level=\"1\"><span style=\"font-weight: 400;\">we helpen je met je<\/span><b> interne communicatie<\/b><span style=\"font-weight: 400;\"> om van je initiatief een echt succes te maken<\/span><\/li>\r\n \t<li style=\"font-weight: 400;\" aria-level=\"1\"><span style=\"font-weight: 400;\">we houden nauw contact met je co\u00f6rdinator om <\/span><b>eventueel aanpassingen te doen op basis van jouw feedback of die van de deelnemers<\/b><\/li>\r\n \t<li style=\"font-weight: 400;\" aria-level=\"1\"><span style=\"font-weight: 400;\">Kortom, we doen er alles aan om ervoor te zorgen dat jij maximaal voordeel haalt uit jouw welzijnsprogramma!<\/span><\/li>\r\n<\/ul>","liens":null},{"acf_fc_layout":"boutons","identifiant_section":"","liens":[{"type_de_lien":true,"new_frame":false,"titre_lien":"Ja, ik wil de kwaliteit van leven op het werk verbeteren!","lien":"mailto:candice@yogaoffice.be","ancre":""}]},{"acf_fc_layout":"quote","identifiant_section":"","motifs":"motif3","quote":"Tous les coll\u00e8gues ont un avis tr\u00e8s positif. De mon c\u00f4t\u00e9, j\u2019ai trouv\u00e9 \u00e7a vraiment tr\u00e8s chouette et \u00e7a a fait une bonne transition vers une r\u00e9union importante que j\u2019avais l\u2019apr\u00e8s-midi, \u00e7a m\u2019a bien mise dans l\u2019\u00e9tat d\u2019esprit pour cela","auteur":"Marie, IDEA CONSULT"},{"acf_fc_layout":"3_colonnes_images_texte","identifiant_section":"Onze andere voorstellen voor bedrijfswelzijn","titre":"Onze andere voorstellen voor bedrijfswelzijn","description":"","cartes":[{"image":274,"titre":"Kantoormassage","description":"Bied uw teams een moment van totale ontspanning, waarna ze ontspannen, met een frisse geest en dankbaar voor dit cadeau zullen terugkeren! De massage op het werk blijft de eerste keuze van de meeste medewerkers.","url":{"title":"Massages en entreprise","url":"https:\/\/yogaoffice.hostedfortoday.com\/massages-en-entreprise\/","target":""}},{"image":1235,"titre":"Welzijnsworkshops en teambuilding","description":"Deze workshops stellen uw team in staat elkaar vanuit een ander perspectief te leren kennen door samen een waardevol welzijnsinstrument te leren. Het is een originele teambuilding-idee! Mindfulness, ergonomie, lachyoga \u2013 ontdek de vele mogelijkheden.","url":{"title":"Ateliers bien-\u00eatre et teambuilding","url":"https:\/\/yogaoffice.hostedfortoday.com\/ateliers-bien-etre-et-teambuilding\/","target":""}},{"image":1319,"titre":"Welzijnsruimtes","description":"Een stimulerende omgeving is fundamenteel voor de gezondheid, het geluk en de productiviteit van uw teams. In het hectische tempo van de huidige professionele omgevingen is het bieden van een toevluchtsoord van rust geen luxe meer, maar een echte noodzaak.","url":{"title":"Espaces bien-\u00eatre","url":"https:\/\/yogaoffice.hostedfortoday.com\/espaces-bien-etre\/","target":""}}]}]},"yoast_head":"<!-- This site is optimized with the Yoast SEO plugin v27.4 - https:\/\/yoast.com\/product\/yoast-seo-wordpress\/ -->\n<title>Yoga &amp; Pilates op de werkplek - Yoga@Office<\/title>\n<meta name=\"description\" content=\"In-company yogalessen - Pilates en ontspanningssessies - welzijn voor uw bedrijf om de kwaliteit van leven op werk te verbeteren\" \/>\n<meta name=\"robots\" content=\"noindex, follow, max-snippet:-1, max-image-preview:large, max-video-preview:-1\" \/>\n<meta property=\"og:locale\" content=\"nl_NL\" \/>\n<meta property=\"og:type\" content=\"article\" \/>\n<meta property=\"og:title\" content=\"Yoga &amp; Pilates op de werkplek - Yoga@Office\" \/>\n<meta property=\"og:description\" content=\"In-company yogalessen - Pilates en ontspanningssessies - welzijn voor uw bedrijf om de kwaliteit van leven op werk te verbeteren\" \/>\n<meta property=\"og:url\" content=\"https:\/\/yogaoffice.hostedfortoday.com\/nl\/yoga-pilates-op-de-werkplek\/\" \/>\n<meta property=\"og:site_name\" content=\"Yoga@Office\" \/>\n<meta property=\"article:modified_time\" content=\"2024-06-13T09:30:38+00:00\" \/>\n<meta property=\"og:image\" content=\"https:\/\/yogaoffice.hostedfortoday.com\/wp-content\/uploads\/2024\/06\/DSC_6151-1920x1280.jpg\" \/>\n\t<meta property=\"og:image:width\" content=\"2560\" \/>\n\t<meta property=\"og:image:height\" content=\"1707\" \/>\n\t<meta property=\"og:image:type\" content=\"image\/jpeg\" \/>\n<meta name=\"twitter:card\" content=\"summary_large_image\" \/>\n<meta name=\"twitter:label1\" content=\"Geschatte leestijd\" \/>\n\t<meta name=\"twitter:data1\" content=\"10 minuten\" \/>\n<script type=\"application\/ld+json\" class=\"yoast-schema-graph\">{\"@context\":\"https:\\\/\\\/schema.org\",\"@graph\":[{\"@type\":\"WebPage\",\"@id\":\"https:\\\/\\\/yogaoffice.hostedfortoday.com\\\/nl\\\/yoga-pilates-op-de-werkplek\\\/\",\"url\":\"https:\\\/\\\/yogaoffice.hostedfortoday.com\\\/nl\\\/yoga-pilates-op-de-werkplek\\\/\",\"name\":\"Yoga & Pilates op de werkplek - Yoga@Office\",\"isPartOf\":{\"@id\":\"https:\\\/\\\/yogaoffice.hostedfortoday.com\\\/nl\\\/#website\"},\"primaryImageOfPage\":{\"@id\":\"https:\\\/\\\/yogaoffice.hostedfortoday.com\\\/nl\\\/yoga-pilates-op-de-werkplek\\\/#primaryimage\"},\"image\":{\"@id\":\"https:\\\/\\\/yogaoffice.hostedfortoday.com\\\/nl\\\/yoga-pilates-op-de-werkplek\\\/#primaryimage\"},\"thumbnailUrl\":\"https:\\\/\\\/yogaoffice.hostedfortoday.com\\\/wp-content\\\/uploads\\\/2024\\\/06\\\/DSC_6151-1920x1280.jpg\",\"datePublished\":\"2024-04-22T21:26:20+00:00\",\"dateModified\":\"2024-06-13T09:30:38+00:00\",\"description\":\"In-company yogalessen - Pilates en ontspanningssessies - welzijn voor uw bedrijf om de kwaliteit van leven op werk te verbeteren\",\"breadcrumb\":{\"@id\":\"https:\\\/\\\/yogaoffice.hostedfortoday.com\\\/nl\\\/yoga-pilates-op-de-werkplek\\\/#breadcrumb\"},\"inLanguage\":\"nl-NL\",\"potentialAction\":[{\"@type\":\"ReadAction\",\"target\":[\"https:\\\/\\\/yogaoffice.hostedfortoday.com\\\/nl\\\/yoga-pilates-op-de-werkplek\\\/\"]}]},{\"@type\":\"ImageObject\",\"inLanguage\":\"nl-NL\",\"@id\":\"https:\\\/\\\/yogaoffice.hostedfortoday.com\\\/nl\\\/yoga-pilates-op-de-werkplek\\\/#primaryimage\",\"url\":\"https:\\\/\\\/yogaoffice.hostedfortoday.com\\\/wp-content\\\/uploads\\\/2024\\\/06\\\/DSC_6151-1920x1280.jpg\",\"contentUrl\":\"https:\\\/\\\/yogaoffice.hostedfortoday.com\\\/wp-content\\\/uploads\\\/2024\\\/06\\\/DSC_6151-1920x1280.jpg\",\"width\":2560,\"height\":1707},{\"@type\":\"BreadcrumbList\",\"@id\":\"https:\\\/\\\/yogaoffice.hostedfortoday.com\\\/nl\\\/yoga-pilates-op-de-werkplek\\\/#breadcrumb\",\"itemListElement\":[{\"@type\":\"ListItem\",\"position\":1,\"name\":\"Accueil\",\"item\":\"https:\\\/\\\/yogaoffice.hostedfortoday.com\\\/nl\\\/\"},{\"@type\":\"ListItem\",\"position\":2,\"name\":\"yoga &#038; pilates op de werkplek\"}]},{\"@type\":\"WebSite\",\"@id\":\"https:\\\/\\\/yogaoffice.hostedfortoday.com\\\/nl\\\/#website\",\"url\":\"https:\\\/\\\/yogaoffice.hostedfortoday.com\\\/nl\\\/\",\"name\":\"Yoga@Office\",\"description\":\"votre partenaire bien-\u00eatre en entreprise\",\"potentialAction\":[{\"@type\":\"SearchAction\",\"target\":{\"@type\":\"EntryPoint\",\"urlTemplate\":\"https:\\\/\\\/yogaoffice.hostedfortoday.com\\\/nl\\\/?s={search_term_string}\"},\"query-input\":{\"@type\":\"PropertyValueSpecification\",\"valueRequired\":true,\"valueName\":\"search_term_string\"}}],\"inLanguage\":\"nl-NL\"}]}<\/script>\n<!-- \/ Yoast SEO plugin. -->","yoast_head_json":{"title":"Yoga & Pilates op de werkplek - Yoga@Office","description":"In-company yogalessen - Pilates en ontspanningssessies - welzijn voor uw bedrijf om de kwaliteit van leven op werk te verbeteren","robots":{"index":"noindex","follow":"follow","max-snippet":"max-snippet:-1","max-image-preview":"max-image-preview:large","max-video-preview":"max-video-preview:-1"},"og_locale":"nl_NL","og_type":"article","og_title":"Yoga & Pilates op de werkplek - Yoga@Office","og_description":"In-company yogalessen - Pilates en ontspanningssessies - welzijn voor uw bedrijf om de kwaliteit van leven op werk te verbeteren","og_url":"https:\/\/yogaoffice.hostedfortoday.com\/nl\/yoga-pilates-op-de-werkplek\/","og_site_name":"Yoga@Office","article_modified_time":"2024-06-13T09:30:38+00:00","og_image":[{"width":2560,"height":1707,"url":"https:\/\/yogaoffice.hostedfortoday.com\/wp-content\/uploads\/2024\/06\/DSC_6151-1920x1280.jpg","type":"image\/jpeg"}],"twitter_card":"summary_large_image","twitter_misc":{"Geschatte leestijd":"10 minuten"},"schema":{"@context":"https:\/\/schema.org","@graph":[{"@type":"WebPage","@id":"https:\/\/yogaoffice.hostedfortoday.com\/nl\/yoga-pilates-op-de-werkplek\/","url":"https:\/\/yogaoffice.hostedfortoday.com\/nl\/yoga-pilates-op-de-werkplek\/","name":"Yoga & Pilates op de werkplek - Yoga@Office","isPartOf":{"@id":"https:\/\/yogaoffice.hostedfortoday.com\/nl\/#website"},"primaryImageOfPage":{"@id":"https:\/\/yogaoffice.hostedfortoday.com\/nl\/yoga-pilates-op-de-werkplek\/#primaryimage"},"image":{"@id":"https:\/\/yogaoffice.hostedfortoday.com\/nl\/yoga-pilates-op-de-werkplek\/#primaryimage"},"thumbnailUrl":"https:\/\/yogaoffice.hostedfortoday.com\/wp-content\/uploads\/2024\/06\/DSC_6151-1920x1280.jpg","datePublished":"2024-04-22T21:26:20+00:00","dateModified":"2024-06-13T09:30:38+00:00","description":"In-company yogalessen - Pilates en ontspanningssessies - welzijn voor uw bedrijf om de kwaliteit van leven op werk te verbeteren","breadcrumb":{"@id":"https:\/\/yogaoffice.hostedfortoday.com\/nl\/yoga-pilates-op-de-werkplek\/#breadcrumb"},"inLanguage":"nl-NL","potentialAction":[{"@type":"ReadAction","target":["https:\/\/yogaoffice.hostedfortoday.com\/nl\/yoga-pilates-op-de-werkplek\/"]}]},{"@type":"ImageObject","inLanguage":"nl-NL","@id":"https:\/\/yogaoffice.hostedfortoday.com\/nl\/yoga-pilates-op-de-werkplek\/#primaryimage","url":"https:\/\/yogaoffice.hostedfortoday.com\/wp-content\/uploads\/2024\/06\/DSC_6151-1920x1280.jpg","contentUrl":"https:\/\/yogaoffice.hostedfortoday.com\/wp-content\/uploads\/2024\/06\/DSC_6151-1920x1280.jpg","width":2560,"height":1707},{"@type":"BreadcrumbList","@id":"https:\/\/yogaoffice.hostedfortoday.com\/nl\/yoga-pilates-op-de-werkplek\/#breadcrumb","itemListElement":[{"@type":"ListItem","position":1,"name":"Accueil","item":"https:\/\/yogaoffice.hostedfortoday.com\/nl\/"},{"@type":"ListItem","position":2,"name":"yoga &#038; pilates op de werkplek"}]},{"@type":"WebSite","@id":"https:\/\/yogaoffice.hostedfortoday.com\/nl\/#website","url":"https:\/\/yogaoffice.hostedfortoday.com\/nl\/","name":"Yoga@Office","description":"votre partenaire bien-\u00eatre en entreprise","potentialAction":[{"@type":"SearchAction","target":{"@type":"EntryPoint","urlTemplate":"https:\/\/yogaoffice.hostedfortoday.com\/nl\/?s={search_term_string}"},"query-input":{"@type":"PropertyValueSpecification","valueRequired":true,"valueName":"search_term_string"}}],"inLanguage":"nl-NL"}]}},"_links":{"self":[{"href":"https:\/\/yogaoffice.hostedfortoday.com\/nl\/wp-json\/wp\/v2\/pages\/682","targetHints":{"allow":["GET"]}}],"collection":[{"href":"https:\/\/yogaoffice.hostedfortoday.com\/nl\/wp-json\/wp\/v2\/pages"}],"about":[{"href":"https:\/\/yogaoffice.hostedfortoday.com\/nl\/wp-json\/wp\/v2\/types\/page"}],"author":[{"embeddable":true,"href":"https:\/\/yogaoffice.hostedfortoday.com\/nl\/wp-json\/wp\/v2\/users\/1"}],"replies":[{"embeddable":true,"href":"https:\/\/yogaoffice.hostedfortoday.com\/nl\/wp-json\/wp\/v2\/comments?post=682"}],"version-history":[{"count":5,"href":"https:\/\/yogaoffice.hostedfortoday.com\/nl\/wp-json\/wp\/v2\/pages\/682\/revisions"}],"predecessor-version":[{"id":1834,"href":"https:\/\/yogaoffice.hostedfortoday.com\/nl\/wp-json\/wp\/v2\/pages\/682\/revisions\/1834"}],"wp:featuredmedia":[{"embeddable":true,"href":"https:\/\/yogaoffice.hostedfortoday.com\/nl\/wp-json\/wp\/v2\/media\/1771"}],"wp:attachment":[{"href":"https:\/\/yogaoffice.hostedfortoday.com\/nl\/wp-json\/wp\/v2\/media?parent=682"}],"curies":[{"name":"wp","href":"https:\/\/api.w.org\/{rel}","templated":true}]}}