{"id":674,"date":"2024-04-20T23:28:52","date_gmt":"2024-04-20T21:28:52","guid":{"rendered":"https:\/\/yogaoffice.hostedfortoday.com\/notre-equipe\/"},"modified":"2024-06-10T13:58:22","modified_gmt":"2024-06-10T11:58:22","slug":"ons-team","status":"publish","type":"page","link":"https:\/\/yogaoffice.hostedfortoday.com\/nl\/ons-team\/","title":{"rendered":"Ons team"},"content":{"rendered":"","protected":false},"excerpt":{"rendered":"","protected":false},"author":1,"featured_media":444,"parent":0,"menu_order":0,"comment_status":"closed","ping_status":"closed","template":"","meta":{"_acf_changed":false,"footnotes":""},"class_list":["post-674","page","type-page","status-publish","has-post-thumbnail","hentry"],"acf":{"sections":[{"acf_fc_layout":"quote","identifiant_section":"Intro texte","motifs":"none","quote":"Expertise, oog voor detail, menselijke warmte en bedrevenheid. Waarden die het Yoga@Office team met passie uitdraagt","auteur":""},{"acf_fc_layout":"content","identifiant_section":"Introduction","titre":"","content":"Yoga@Office heeft de eer om samen te werken met dit geweldige team van yoga- en pilates docenten, massagetherapeuten, voedingsdeskundigen, mindfulness- en ontspanning experts, slaapkwaliteit experts, ergonomen, aromatherapeuten, coaches en sofrologisten.\r\n\r\nElk van hen is gecertificeerd in zijn eigen vakgebied en gepassioneerd om meer welzijn op de werkplek te brengen.\r\n\r\nOns team blijft groeien sinds 2018 en wordt aangestuurd door Candice Barb\u00e9, de oprichtster van Yoga@Office. Candice kiest met precisie ieder lid van het team uit om de hoogste kwaliteit te garanderen, en dit in alle 3 talen.\r\n\r\nSinds 2022 helpt Leen haar hierbij. Zo blijven we een zorgvuldige, attente en snelle service garanderen, evenals creatieve en originele oplossingen.","liens":null},{"acf_fc_layout":"quote","identifiant_section":"","motifs":"motif1","quote":"Les orthodontistes ainsi que les assistantes dentaires ont particuli\u00e8rement appr\u00e9ci\u00e9 ces moments de d\u00e9tente.   Vos masseurs ont fait preuve d'un professionnalisme remarquable et ont su cr\u00e9er une atmosph\u00e8re relaxante qui a permis \u00e0 chacun de se d\u00e9tendre pleinement.  Nous sommes tr\u00e8s satisfaits de la qualit\u00e9 de vos services et de l'attention port\u00e9e \u00e0 nos besoins sp\u00e9cifiques.  Je vous remercie et esp\u00e8re avoir l'occasion de collaborer de nouveau avec vous \u00e0 l\u2019avenir.","auteur":"Dorcas, D.E. ORTHO"},{"acf_fc_layout":"equipe","titre_general":"","sous_titre_equipe":"AL ONZE LERAREN, MASSEURS EN WELLNESS-COACHES","description_equipe":""},{"acf_fc_layout":"quote","identifiant_section":"","motifs":"none","quote":"Interesse om de impact van onze lessen op de levenskwaliteit en het welzijn in uw bedrijf te ervaren?","auteur":""},{"acf_fc_layout":"boutons","identifiant_section":"","liens":[{"type_de_lien":true,"new_frame":false,"titre_lien":"Ja, ik wil meer weten","lien":"mailto:candice@yogaoffice.be","ancre":""}]},{"acf_fc_layout":"quote","identifiant_section":"","motifs":"none","quote":"Ben jij een gemotiveerde docent \/ coach \/ masseur die ons dreamteam wil komen versterken? Solliciteer dan nu!","auteur":""},{"acf_fc_layout":"boutons","identifiant_section":"","liens":[{"type_de_lien":true,"new_frame":false,"titre_lien":"Join us ! ","lien":"mailto:candice@yogaoffice.be","ancre":""}]},{"acf_fc_layout":"grande_image","identifiant_section":"","image":1307}]},"yoast_head":"<!-- This site is optimized with the Yoast SEO plugin v27.4 - https:\/\/yoast.com\/product\/yoast-seo-wordpress\/ -->\n<title>Ons team - Yoga@Office<\/title>\n<meta name=\"robots\" content=\"noindex, follow, max-snippet:-1, max-image-preview:large, max-video-preview:-1\" \/>\n<meta property=\"og:locale\" content=\"nl_NL\" \/>\n<meta property=\"og:type\" content=\"article\" \/>\n<meta property=\"og:title\" content=\"Ons team - Yoga@Office\" \/>\n<meta property=\"og:url\" content=\"https:\/\/yogaoffice.hostedfortoday.com\/nl\/ons-team\/\" \/>\n<meta property=\"og:site_name\" content=\"Yoga@Office\" \/>\n<meta property=\"article:modified_time\" content=\"2024-06-10T11:58:22+00:00\" \/>\n<meta property=\"og:image\" content=\"https:\/\/yogaoffice.hostedfortoday.com\/wp-content\/uploads\/2024\/05\/team21-2.jpg\" \/>\n\t<meta property=\"og:image:width\" content=\"1920\" \/>\n\t<meta property=\"og:image:height\" content=\"812\" \/>\n\t<meta property=\"og:image:type\" content=\"image\/jpeg\" \/>\n<meta name=\"twitter:card\" content=\"summary_large_image\" \/>\n<meta name=\"twitter:label1\" content=\"Geschatte leestijd\" \/>\n\t<meta name=\"twitter:data1\" content=\"2 minuten\" \/>\n<script type=\"application\/ld+json\" class=\"yoast-schema-graph\">{\"@context\":\"https:\\\/\\\/schema.org\",\"@graph\":[{\"@type\":\"WebPage\",\"@id\":\"https:\\\/\\\/yogaoffice.hostedfortoday.com\\\/nl\\\/ons-team\\\/\",\"url\":\"https:\\\/\\\/yogaoffice.hostedfortoday.com\\\/nl\\\/ons-team\\\/\",\"name\":\"Ons team - Yoga@Office\",\"isPartOf\":{\"@id\":\"https:\\\/\\\/yogaoffice.hostedfortoday.com\\\/nl\\\/#website\"},\"primaryImageOfPage\":{\"@id\":\"https:\\\/\\\/yogaoffice.hostedfortoday.com\\\/nl\\\/ons-team\\\/#primaryimage\"},\"image\":{\"@id\":\"https:\\\/\\\/yogaoffice.hostedfortoday.com\\\/nl\\\/ons-team\\\/#primaryimage\"},\"thumbnailUrl\":\"https:\\\/\\\/yogaoffice.hostedfortoday.com\\\/wp-content\\\/uploads\\\/2024\\\/05\\\/team21-2.jpg\",\"datePublished\":\"2024-04-20T21:28:52+00:00\",\"dateModified\":\"2024-06-10T11:58:22+00:00\",\"breadcrumb\":{\"@id\":\"https:\\\/\\\/yogaoffice.hostedfortoday.com\\\/nl\\\/ons-team\\\/#breadcrumb\"},\"inLanguage\":\"nl-NL\",\"potentialAction\":[{\"@type\":\"ReadAction\",\"target\":[\"https:\\\/\\\/yogaoffice.hostedfortoday.com\\\/nl\\\/ons-team\\\/\"]}]},{\"@type\":\"ImageObject\",\"inLanguage\":\"nl-NL\",\"@id\":\"https:\\\/\\\/yogaoffice.hostedfortoday.com\\\/nl\\\/ons-team\\\/#primaryimage\",\"url\":\"https:\\\/\\\/yogaoffice.hostedfortoday.com\\\/wp-content\\\/uploads\\\/2024\\\/05\\\/team21-2.jpg\",\"contentUrl\":\"https:\\\/\\\/yogaoffice.hostedfortoday.com\\\/wp-content\\\/uploads\\\/2024\\\/05\\\/team21-2.jpg\",\"width\":1920,\"height\":812},{\"@type\":\"BreadcrumbList\",\"@id\":\"https:\\\/\\\/yogaoffice.hostedfortoday.com\\\/nl\\\/ons-team\\\/#breadcrumb\",\"itemListElement\":[{\"@type\":\"ListItem\",\"position\":1,\"name\":\"Accueil\",\"item\":\"https:\\\/\\\/yogaoffice.hostedfortoday.com\\\/nl\\\/\"},{\"@type\":\"ListItem\",\"position\":2,\"name\":\"Ons team\"}]},{\"@type\":\"WebSite\",\"@id\":\"https:\\\/\\\/yogaoffice.hostedfortoday.com\\\/nl\\\/#website\",\"url\":\"https:\\\/\\\/yogaoffice.hostedfortoday.com\\\/nl\\\/\",\"name\":\"Yoga@Office\",\"description\":\"votre partenaire bien-\u00eatre en entreprise\",\"potentialAction\":[{\"@type\":\"SearchAction\",\"target\":{\"@type\":\"EntryPoint\",\"urlTemplate\":\"https:\\\/\\\/yogaoffice.hostedfortoday.com\\\/nl\\\/?s={search_term_string}\"},\"query-input\":{\"@type\":\"PropertyValueSpecification\",\"valueRequired\":true,\"valueName\":\"search_term_string\"}}],\"inLanguage\":\"nl-NL\"}]}<\/script>\n<!-- \/ Yoast SEO plugin. -->","yoast_head_json":{"title":"Ons team - Yoga@Office","robots":{"index":"noindex","follow":"follow","max-snippet":"max-snippet:-1","max-image-preview":"max-image-preview:large","max-video-preview":"max-video-preview:-1"},"og_locale":"nl_NL","og_type":"article","og_title":"Ons team - Yoga@Office","og_url":"https:\/\/yogaoffice.hostedfortoday.com\/nl\/ons-team\/","og_site_name":"Yoga@Office","article_modified_time":"2024-06-10T11:58:22+00:00","og_image":[{"width":1920,"height":812,"url":"https:\/\/yogaoffice.hostedfortoday.com\/wp-content\/uploads\/2024\/05\/team21-2.jpg","type":"image\/jpeg"}],"twitter_card":"summary_large_image","twitter_misc":{"Geschatte leestijd":"2 minuten"},"schema":{"@context":"https:\/\/schema.org","@graph":[{"@type":"WebPage","@id":"https:\/\/yogaoffice.hostedfortoday.com\/nl\/ons-team\/","url":"https:\/\/yogaoffice.hostedfortoday.com\/nl\/ons-team\/","name":"Ons team - Yoga@Office","isPartOf":{"@id":"https:\/\/yogaoffice.hostedfortoday.com\/nl\/#website"},"primaryImageOfPage":{"@id":"https:\/\/yogaoffice.hostedfortoday.com\/nl\/ons-team\/#primaryimage"},"image":{"@id":"https:\/\/yogaoffice.hostedfortoday.com\/nl\/ons-team\/#primaryimage"},"thumbnailUrl":"https:\/\/yogaoffice.hostedfortoday.com\/wp-content\/uploads\/2024\/05\/team21-2.jpg","datePublished":"2024-04-20T21:28:52+00:00","dateModified":"2024-06-10T11:58:22+00:00","breadcrumb":{"@id":"https:\/\/yogaoffice.hostedfortoday.com\/nl\/ons-team\/#breadcrumb"},"inLanguage":"nl-NL","potentialAction":[{"@type":"ReadAction","target":["https:\/\/yogaoffice.hostedfortoday.com\/nl\/ons-team\/"]}]},{"@type":"ImageObject","inLanguage":"nl-NL","@id":"https:\/\/yogaoffice.hostedfortoday.com\/nl\/ons-team\/#primaryimage","url":"https:\/\/yogaoffice.hostedfortoday.com\/wp-content\/uploads\/2024\/05\/team21-2.jpg","contentUrl":"https:\/\/yogaoffice.hostedfortoday.com\/wp-content\/uploads\/2024\/05\/team21-2.jpg","width":1920,"height":812},{"@type":"BreadcrumbList","@id":"https:\/\/yogaoffice.hostedfortoday.com\/nl\/ons-team\/#breadcrumb","itemListElement":[{"@type":"ListItem","position":1,"name":"Accueil","item":"https:\/\/yogaoffice.hostedfortoday.com\/nl\/"},{"@type":"ListItem","position":2,"name":"Ons team"}]},{"@type":"WebSite","@id":"https:\/\/yogaoffice.hostedfortoday.com\/nl\/#website","url":"https:\/\/yogaoffice.hostedfortoday.com\/nl\/","name":"Yoga@Office","description":"votre partenaire bien-\u00eatre en entreprise","potentialAction":[{"@type":"SearchAction","target":{"@type":"EntryPoint","urlTemplate":"https:\/\/yogaoffice.hostedfortoday.com\/nl\/?s={search_term_string}"},"query-input":{"@type":"PropertyValueSpecification","valueRequired":true,"valueName":"search_term_string"}}],"inLanguage":"nl-NL"}]}},"_links":{"self":[{"href":"https:\/\/yogaoffice.hostedfortoday.com\/nl\/wp-json\/wp\/v2\/pages\/674","targetHints":{"allow":["GET"]}}],"collection":[{"href":"https:\/\/yogaoffice.hostedfortoday.com\/nl\/wp-json\/wp\/v2\/pages"}],"about":[{"href":"https:\/\/yogaoffice.hostedfortoday.com\/nl\/wp-json\/wp\/v2\/types\/page"}],"author":[{"embeddable":true,"href":"https:\/\/yogaoffice.hostedfortoday.com\/nl\/wp-json\/wp\/v2\/users\/1"}],"replies":[{"embeddable":true,"href":"https:\/\/yogaoffice.hostedfortoday.com\/nl\/wp-json\/wp\/v2\/comments?post=674"}],"version-history":[{"count":4,"href":"https:\/\/yogaoffice.hostedfortoday.com\/nl\/wp-json\/wp\/v2\/pages\/674\/revisions"}],"predecessor-version":[{"id":1325,"href":"https:\/\/yogaoffice.hostedfortoday.com\/nl\/wp-json\/wp\/v2\/pages\/674\/revisions\/1325"}],"wp:featuredmedia":[{"embeddable":true,"href":"https:\/\/yogaoffice.hostedfortoday.com\/nl\/wp-json\/wp\/v2\/media\/444"}],"wp:attachment":[{"href":"https:\/\/yogaoffice.hostedfortoday.com\/nl\/wp-json\/wp\/v2\/media?parent=674"}],"curies":[{"name":"wp","href":"https:\/\/api.w.org\/{rel}","templated":true}]}}