{"id":663,"date":"2024-04-21T00:09:10","date_gmt":"2024-04-20T22:09:10","guid":{"rendered":"https:\/\/yogaoffice.hostedfortoday.com\/massages-en-entreprise\/"},"modified":"2024-06-13T13:22:21","modified_gmt":"2024-06-13T11:22:21","slug":"massages-op-het-werk","status":"publish","type":"page","link":"https:\/\/yogaoffice.hostedfortoday.com\/nl\/massages-op-het-werk\/","title":{"rendered":"Massages op het werk"},"content":{"rendered":"","protected":false},"excerpt":{"rendered":"","protected":false},"author":1,"featured_media":1340,"parent":0,"menu_order":0,"comment_status":"closed","ping_status":"closed","template":"","meta":{"_acf_changed":false,"footnotes":""},"class_list":["post-663","page","type-page","status-publish","has-post-thumbnail","hentry"],"acf":{"sections":[{"acf_fc_layout":"quote","identifiant_section":"Onze massages brengen ontspanning en herbronning binnen je teams","motifs":"none","quote":"Onze massages brengen ontspanning en herbronning binnen je teams","auteur":""},{"acf_fc_layout":"content","identifiant_section":"","titre":"","content":"<span style=\"font-weight: 400;\">Ontdek ultieme herbronning op het werk met de massages van Yoga@Office. Onze massages zijn tot in de puntjes verzorgd en bieden je teamleden een moment van pure ontspanning. We cre\u00ebren een cocon sfeer waar we korte maar zeer effici\u00ebnte sessies aanbieden, dit alles in normale kleding en zonder olie. De onbetwiste must-have voor jouw teams.<\/span>","liens":null},{"acf_fc_layout":"content","identifiant_section":"Waarom massages aanbieden in jouw bedrijf?","titre":"Waarom massages aanbieden in jouw bedrijf?","content":"Tijdens periodes van stress ervaren je teams niet alleen <strong>mentale spanning, maar vaak ook fysieke spanning<\/strong>. Vooral de schouders, nek en rug krijgen het zwaar te verduren. Precies op deze gebieden richt een stoelmassage zich.\r\n\r\nDe ontwikkelingen van de afgelopen jaren en de hybride werkomgeving stellen hoge eisen aan de flexibiliteit van je teams. Hierdoor is de behoefte aan momenten die volledig voor zichzelf zijn, om hen te helpen zich op te laden en om te gaan met de <strong>druk van het dagelijks leven<\/strong>, alleen maar groter geworden.\r\n\r\nDoor onze massages op kantoor voelen je werknemers zich onmiddellijk ontspannen en beter in hun vel. Ook hun gemoedstoestand en concentratievermogen worden positief be\u00efnvloed.\r\n\r\nBovendien is het een <strong>uitstekende motivatie om hen terug naar de kantoren van je bedrijf te laten komen<\/strong>, die vaak te leeg zijn sinds telewerken steeds gebruikelijker is geworden.\r\n\r\nEen massage voor je teamleden wordt <strong>beschouwd als een echt cadeau en wordt zeer gewaardeerd<\/strong>. De meeste werknemers geven in enqu\u00eates aan dat dit hun eerste keuze is als het gaat om een moment van welzijn.\r\n<h3><b>Verwacht dus een brede glimlach in de gangen als je medewerkers hun massagesessie verlaten om weer aan het werk te gaan!<\/b><\/h3>","liens":null},{"acf_fc_layout":"boutons","identifiant_section":"","liens":[{"type_de_lien":true,"new_frame":false,"titre_lien":"Ik wil deze massages in mijn kantoor","lien":"mailto:candice@yogaoffice.be","ancre":""}]},{"acf_fc_layout":"quote","identifiant_section":"","motifs":"motif3","quote":"It was really great! Everyone seemed to enjoy very much! We will revert to you for future events as well when needed. Thank you again for the punctuality and professionalism! ","auteur":"Andreea, BOSTON CONSULTING GROUP"},{"acf_fc_layout":"slider_images","identifiant_section":"","images":[277,474,280,1349,1352,1355,1370,1364,1367,1376]},{"acf_fc_layout":"content","identifiant_section":"Wat zijn de voordelen van deze massages? ","titre":"Wat zijn de voordelen van deze massages? ","content":"<h3><span style=\"font-weight: 400;\">Wetenschappelijk bewezen effecten<\/span><\/h3>\r\n<span style=\"font-weight: 400;\">Talrijke onderzoeken tonen de stressverlagende voordelen van zittende massage aan.<\/span>\r\n\r\n<span style=\"font-weight: 400;\">Zoals bij elke massage <\/span><b>verhoogt het de productie van 2 hormonen<\/b><span style=\"font-weight: 400;\">: oxytocine en serotonine. Beide spelen een <\/span><b>grote rol in ons humeur en welzijn<\/b><span style=\"font-weight: 400;\">. Met als resultaat: meer zelfvertrouwen en empathie, en minder angst.<\/span>\r\n\r\n<span style=\"font-weight: 400;\">Lees ons uitgebreide artikel<\/span><span style=\"font-weight: 400;\"> voor meer informatie.<\/span>\r\n<h3><span style=\"font-weight: 400;\">Qua tijdsduur perfect aangepast aan het tempo van het bedrijfsleven<\/span><\/h3>\r\n<span style=\"font-weight: 400;\">Een van de <\/span><b>grote voordelen van deze techniek is de duur ervan<\/b><span style=\"font-weight: 400;\">. In slechts <\/span><b>15-20 minuten<\/b><span style=\"font-weight: 400;\"> maakt deze massage het hoofd helemaal leeg en worden lichamelijke spanningen losgelaten. Speciaal ontworpen voor gebruik op kantoor, waar alles draait om effici\u00ebntie.\u00a0<\/span>\r\n\r\n<span style=\"font-weight: 400;\">Niet elk team kan het zich veroorloven om 1 uur of meer aan een <\/span><span style=\"font-weight: 400;\">yogales<\/span><span style=\"font-weight: 400;\"> of <\/span><span style=\"font-weight: 400;\">workshop<\/span><span style=\"font-weight: 400;\"> te besteden. Dit maakt het een ideale oplossing voor <\/span><b>teams met drukke agenda's<\/b><span style=\"font-weight: 400;\">!\u00a0<\/span>\r\n\r\n<span style=\"font-weight: 400;\">Deze tijdsduur van de stoelmassage maakt het ook een <\/span><b>perfecte en originele oplossing voor je evenementen<\/b><span style=\"font-weight: 400;\">. Stel je een wandelende cocktailparty voor of een dag met seminars waarbij verschillende massagetherapeuten klaarstaan voor je werknemers. Elk op hun beurt kan plaatsnemen op een massagestoel en wegzakken in diepe ontspanning.\u00a0\u00a0<\/span>\r\n<h3><span style=\"font-weight: 400;\">Omkleden is niet nodig<\/span><\/h3>\r\n<span style=\"font-weight: 400;\">Tijdens deze massage draag je gewone kantoorkleding. Er komt <\/span><b>geen olie<\/b><span style=\"font-weight: 400;\"> aan te pas. Dit betekent dat je werknemer rechtstreeks van de massagestoel naar zijn of haar bureaustoel kan gaan, of naar de volgende klantafspraak!\u00a0<\/span><span style=\"font-weight: 400;\">Zeer eenvoudig te organiseren in je kantoor<\/span>\r\n\r\n<span style=\"font-weight: 400;\">Wij regelen alles! Stoelmassage vereist weinig organisatie van jouw kant en<\/span><b> vergt weinig ruimte<\/b><span style=\"font-weight: 400;\">: een eenvoudige kantoorruimte is alles wat je nodig hebt.<\/span>\r\n<h3><span style=\"font-weight: 400;\">Zeer eenvoudig te organiseren in je kantoor<\/span><\/h3>\r\n<span style=\"font-weight: 400;\">Wij regelen alles! Stoelmassage vereist weinig organisatie van jouw kant en<\/span><b> vergt weinig ruimte<\/b><span style=\"font-weight: 400;\">: een eenvoudige kantoorruimte is alles wat je nodig hebt.<\/span>","liens":null},{"acf_fc_layout":"quote","identifiant_section":"","motifs":"none","quote":"Cre\u00eber een positief imago door je teams deze unieke momenten van welzijn aan te bieden. Talrijke bedrijven hebben ons al hun vertrouwen geschonken, zonder er ook maar een moment spijt van te hebben!","auteur":""},{"acf_fc_layout":"boutons","identifiant_section":"","liens":[{"type_de_lien":true,"new_frame":false,"titre_lien":"Ik wil graag meer informatie","lien":"mailto:candice@yogaoffice.be","ancre":""}]},{"acf_fc_layout":"content","identifiant_section":"Yoga@Office's speciale touch","titre":"Yoga@Office's speciale touch","content":"<span style=\"font-weight: 400;\">Massage is heilig voor Yoga@Office! We <\/span><b>verzorgen daarom tot in de kleinste details <\/b><span style=\"font-weight: 400;\">om heerlijke momenten van welzijn te cre\u00ebren en de voordelen ervan te optimaliseren.\u00a0<\/span>\r\n\r\n<span style=\"font-weight: 400;\">We gebruiken <\/span><b>essenti\u00eble oli\u00ebn<\/b><span style=\"font-weight: 400;\"> voor hun aangename geur, ontspannende werking en luchtzuivering. <\/span><b>Zachte muziek<\/b><span style=\"font-weight: 400;\"> en kaarsen zijn voorzien indien toegestaan.<\/span>\r\n\r\n<span style=\"font-weight: 400;\">We besteden ook veel aandacht aan hygi\u00ebne en desinfecteren contactoppervlakken na elke massage.<\/span><b> Elk lid van ons team is zorgvuldig geselecteerd<\/b><span style=\"font-weight: 400;\"> om de hoge kwaliteit van onze service te kunnen garanderen. <\/span><span style=\"font-weight: 400;\">\r\n<\/span><span style=\"font-weight: 400;\">\r\n<\/span><span style=\"font-weight: 400;\">Voor evenementen waarbij een team van meerdere masseurs nodig is, stellen we een teamleider aan. Deze persoon komt vroeger aan om eventuele last-minute details met je uit te werken en <\/span><b>ervoor te zorgen dat je evenement een compleet succes wordt<\/b><span style=\"font-weight: 400;\">.<\/span>","liens":null},{"acf_fc_layout":"video","identifiant_section":"video","video":"https:\/\/www.youtube.com\/watch?v=PR9UN7A-EXo"},{"acf_fc_layout":"3_colonnes_texte","identifiant_section":"Mogelijkheden op maat","titre":"Mogelijkheden op maat","description":"Meestal raden we stoelmassage aan op de bekende ergonomische stoel - de Amma massage. Deze combineert shiatsu en andere technieken om opgehoopte spanning in het bovenlichaam los te laten: schedel, nek, schouders, rug en handen. \r\n\r\n\r\nYoga@Office biedt echter ook andere soorten massage aan die misschien beter bij jouw specifieke behoeften passen. Ook deze massages zijn steeds gekleed.   ","cartes":[{"titre":"Rugmassage","description":"Op een tafel of futon. Ontlast de rug, een veel belaste zone. ","url":""},{"titre":"Voetmassage","description":"Therapeutische reflexologie droge voetmassage ofwel ayurvedische massage met gebruik van een kleine metalen kom en droge olie. Geeft veel energie. ","url":""},{"titre":"Handmassage","description":"Massage van de handen die veel belast worden op het werk en waar zich veel spanning opbouwt.","url":""},{"titre":"Schedelmassage","description":"Wissel rustige en krachtige bewegingen af om spierspanning en stress te verlichten en concentratie te bevorderen.","url":""}],"texte_voir_plus":"","texte_voir_moins":""},{"acf_fc_layout":"content","identifiant_section":"Hoe organiseren we deze massages op kantoor?","titre":"Hoe organiseren we deze massages op kantoor?","content":"<span style=\"font-weight: 400;\">We werken zeer nauw met je samen. Zo kunnen we<\/span><b> een welzijnsprogramma ontwerpen dat is afgestemd op de behoeften en wensen van je teams en dat perfect past bij jullie planning en ritmes.<\/b>\r\n\r\n<span style=\"font-weight: 400;\">Dit kan voor een evenement of welzijnsdag zijn waarbij een groot aantal van onze teamleden grote groepen komen masseren. Of het kan een regelmatige sessie bij jou op kantoor zijn.\u00a0<\/span>\r\n\r\n<b>We regelen alles <\/b><span style=\"font-weight: 400;\">voor een eenvoudig en vlot verloop::<\/span>\r\n<ul>\r\n \t<li style=\"font-weight: 400;\" aria-level=\"1\"><span style=\"font-weight: 400;\">we leveren alle het nodige materiaal dat zowel professioneel als compact is en geschikt voor op kantoor\u00a0<\/span><\/li>\r\n \t<li style=\"font-weight: 400;\" aria-level=\"1\"><span style=\"font-weight: 400;\">we helpen je bij jouw <\/span><b>interne communicatie<\/b><span style=\"font-weight: 400;\"> om ervoor te zorgen dat je initiatief een succes wordt<\/span><\/li>\r\n \t<li style=\"font-weight: 400;\" aria-level=\"1\"><span style=\"font-weight: 400;\">we houden<\/span><b> regelmatig contact<\/b><span style=\"font-weight: 400;\"> met de verantwoordelijke om eventueel bij te sturen op basis van feedback van de deelnemers\u00a0<\/span><\/li>\r\n \t<li style=\"font-weight: 400;\" aria-level=\"1\"><span style=\"font-weight: 400;\">we<\/span><b> zorgen voor de planning en registratie<\/b><span style=\"font-weight: 400;\"> van je medewerkers\u00a0<\/span><\/li>\r\n<\/ul>","liens":[{"type_de_lien":true,"new_frame":true,"titre_lien":"Ik wil graag meer weten over jullie aanbod","ancre":"","lien":"mailto:candice@yogaoffice.be"}]},{"acf_fc_layout":"quote","identifiant_section":"","motifs":"motif2","quote":"Voil\u00e0 que la journ\u00e9e massage s'est termin\u00e9e, tout s'est bien pass\u00e9, les deux collaboratrices ont \u00e9t\u00e9 tr\u00e8s gentilles et tr\u00e8s professionnelles. Nos employ\u00e9s ont vraiment profit\u00e9 de leur moment de d\u00e9tente, on n\u2019a eu que des feedbacks positifs","auteur":"German, SHEIN"},{"acf_fc_layout":"3_colonnes_images_texte","identifiant_section":"Onze andere voorstellen voor bedrijfswelzijn","titre":"Onze andere voorstellen voor bedrijfswelzijn","description":"","cartes":[{"image":223,"titre":"Yoga, Pilates en Do in","description":"Ontdek hoe deze ontspannende groepslessen, gericht op de harmonie van lichaam en geest, uw teams kunnen helpen veel vloeiender samen te werken en de kwaliteit van leven op het werk in uw bedrijf aanzienlijk kunnen verbeteren.","url":{"title":"Yoga & Pilates en entreprise","url":"https:\/\/yogaoffice.hostedfortoday.com\/yoga-pilates-en-entreprise\/","target":""}},{"image":1235,"titre":"Welzijnsworkshops en teambuilding","description":"Deze workshops stellen uw team in staat elkaar vanuit een ander perspectief te leren kennen door samen een waardevol welzijnsinstrument te leren. Het is een originele teambuilding-idee! Mindfulness, ergonomie, lachyoga \u2013 ontdek de vele mogelijkheden.","url":{"title":"Ateliers bien-\u00eatre et teambuilding","url":"https:\/\/yogaoffice.hostedfortoday.com\/ateliers-bien-etre-et-teambuilding\/","target":""}},{"image":1319,"titre":"Welzijnsruimtes","description":"Een stimulerende omgeving is fundamenteel voor de gezondheid, het geluk en de productiviteit van uw teams. In het hectische tempo van de huidige professionele omgevingen is het bieden van een toevluchtsoord van rust geen luxe meer, maar een echte noodzaak.","url":{"title":"Espaces bien-\u00eatre","url":"https:\/\/yogaoffice.hostedfortoday.com\/espaces-bien-etre\/","target":""}}]}]},"yoast_head":"<!-- This site is optimized with the Yoast SEO plugin v27.4 - https:\/\/yoast.com\/product\/yoast-seo-wordpress\/ -->\n<title>Massages op het werk - Yoga@Office - in-company zittende massage<\/title>\n<meta name=\"description\" content=\"Massages op het werk: zittende massage op stoel &amp; zonder olie in uw bedrijf - Bied uw teams een unieke ervaring\" \/>\n<meta name=\"robots\" content=\"noindex, follow, max-snippet:-1, max-image-preview:large, max-video-preview:-1\" \/>\n<meta property=\"og:locale\" content=\"nl_NL\" \/>\n<meta property=\"og:type\" content=\"article\" \/>\n<meta property=\"og:title\" content=\"Massages op het werk - Yoga@Office - in-company zittende massage\" \/>\n<meta property=\"og:description\" content=\"Massages op het werk: zittende massage op stoel &amp; zonder olie in uw bedrijf - Bied uw teams een unieke ervaring\" \/>\n<meta property=\"og:url\" content=\"https:\/\/yogaoffice.hostedfortoday.com\/nl\/massages-op-het-werk\/\" \/>\n<meta property=\"og:site_name\" content=\"Yoga@Office\" \/>\n<meta property=\"article:modified_time\" content=\"2024-06-13T11:22:21+00:00\" \/>\n<meta property=\"og:image\" content=\"https:\/\/yogaoffice.hostedfortoday.com\/wp-content\/uploads\/2024\/06\/2_MDB_2124-ConvertImage-1920x1280.jpeg\" \/>\n\t<meta property=\"og:image:width\" content=\"2560\" \/>\n\t<meta property=\"og:image:height\" content=\"1707\" \/>\n\t<meta property=\"og:image:type\" content=\"image\/jpeg\" \/>\n<meta name=\"twitter:card\" content=\"summary_large_image\" \/>\n<meta name=\"twitter:label1\" content=\"Geschatte leestijd\" \/>\n\t<meta name=\"twitter:data1\" content=\"10 minuten\" \/>\n<script type=\"application\/ld+json\" class=\"yoast-schema-graph\">{\"@context\":\"https:\\\/\\\/schema.org\",\"@graph\":[{\"@type\":\"WebPage\",\"@id\":\"https:\\\/\\\/yogaoffice.hostedfortoday.com\\\/nl\\\/massages-op-het-werk\\\/\",\"url\":\"https:\\\/\\\/yogaoffice.hostedfortoday.com\\\/nl\\\/massages-op-het-werk\\\/\",\"name\":\"Massages op het werk - Yoga@Office - in-company zittende massage\",\"isPartOf\":{\"@id\":\"https:\\\/\\\/yogaoffice.hostedfortoday.com\\\/nl\\\/#website\"},\"primaryImageOfPage\":{\"@id\":\"https:\\\/\\\/yogaoffice.hostedfortoday.com\\\/nl\\\/massages-op-het-werk\\\/#primaryimage\"},\"image\":{\"@id\":\"https:\\\/\\\/yogaoffice.hostedfortoday.com\\\/nl\\\/massages-op-het-werk\\\/#primaryimage\"},\"thumbnailUrl\":\"https:\\\/\\\/yogaoffice.hostedfortoday.com\\\/wp-content\\\/uploads\\\/2024\\\/06\\\/2_MDB_2124-ConvertImage-1920x1280.jpeg\",\"datePublished\":\"2024-04-20T22:09:10+00:00\",\"dateModified\":\"2024-06-13T11:22:21+00:00\",\"description\":\"Massages op het werk: zittende massage op stoel & zonder olie in uw bedrijf - Bied uw teams een unieke ervaring\",\"breadcrumb\":{\"@id\":\"https:\\\/\\\/yogaoffice.hostedfortoday.com\\\/nl\\\/massages-op-het-werk\\\/#breadcrumb\"},\"inLanguage\":\"nl-NL\",\"potentialAction\":[{\"@type\":\"ReadAction\",\"target\":[\"https:\\\/\\\/yogaoffice.hostedfortoday.com\\\/nl\\\/massages-op-het-werk\\\/\"]}]},{\"@type\":\"ImageObject\",\"inLanguage\":\"nl-NL\",\"@id\":\"https:\\\/\\\/yogaoffice.hostedfortoday.com\\\/nl\\\/massages-op-het-werk\\\/#primaryimage\",\"url\":\"https:\\\/\\\/yogaoffice.hostedfortoday.com\\\/wp-content\\\/uploads\\\/2024\\\/06\\\/2_MDB_2124-ConvertImage-1920x1280.jpeg\",\"contentUrl\":\"https:\\\/\\\/yogaoffice.hostedfortoday.com\\\/wp-content\\\/uploads\\\/2024\\\/06\\\/2_MDB_2124-ConvertImage-1920x1280.jpeg\",\"width\":2560,\"height\":1707},{\"@type\":\"BreadcrumbList\",\"@id\":\"https:\\\/\\\/yogaoffice.hostedfortoday.com\\\/nl\\\/massages-op-het-werk\\\/#breadcrumb\",\"itemListElement\":[{\"@type\":\"ListItem\",\"position\":1,\"name\":\"Accueil\",\"item\":\"https:\\\/\\\/yogaoffice.hostedfortoday.com\\\/nl\\\/\"},{\"@type\":\"ListItem\",\"position\":2,\"name\":\"Massages op het werk\"}]},{\"@type\":\"WebSite\",\"@id\":\"https:\\\/\\\/yogaoffice.hostedfortoday.com\\\/nl\\\/#website\",\"url\":\"https:\\\/\\\/yogaoffice.hostedfortoday.com\\\/nl\\\/\",\"name\":\"Yoga@Office\",\"description\":\"votre partenaire bien-\u00eatre en entreprise\",\"potentialAction\":[{\"@type\":\"SearchAction\",\"target\":{\"@type\":\"EntryPoint\",\"urlTemplate\":\"https:\\\/\\\/yogaoffice.hostedfortoday.com\\\/nl\\\/?s={search_term_string}\"},\"query-input\":{\"@type\":\"PropertyValueSpecification\",\"valueRequired\":true,\"valueName\":\"search_term_string\"}}],\"inLanguage\":\"nl-NL\"}]}<\/script>\n<!-- \/ Yoast SEO plugin. -->","yoast_head_json":{"title":"Massages op het werk - Yoga@Office - in-company zittende massage","description":"Massages op het werk: zittende massage op stoel & zonder olie in uw bedrijf - Bied uw teams een unieke ervaring","robots":{"index":"noindex","follow":"follow","max-snippet":"max-snippet:-1","max-image-preview":"max-image-preview:large","max-video-preview":"max-video-preview:-1"},"og_locale":"nl_NL","og_type":"article","og_title":"Massages op het werk - Yoga@Office - in-company zittende massage","og_description":"Massages op het werk: zittende massage op stoel & zonder olie in uw bedrijf - Bied uw teams een unieke ervaring","og_url":"https:\/\/yogaoffice.hostedfortoday.com\/nl\/massages-op-het-werk\/","og_site_name":"Yoga@Office","article_modified_time":"2024-06-13T11:22:21+00:00","og_image":[{"width":2560,"height":1707,"url":"https:\/\/yogaoffice.hostedfortoday.com\/wp-content\/uploads\/2024\/06\/2_MDB_2124-ConvertImage-1920x1280.jpeg","type":"image\/jpeg"}],"twitter_card":"summary_large_image","twitter_misc":{"Geschatte leestijd":"10 minuten"},"schema":{"@context":"https:\/\/schema.org","@graph":[{"@type":"WebPage","@id":"https:\/\/yogaoffice.hostedfortoday.com\/nl\/massages-op-het-werk\/","url":"https:\/\/yogaoffice.hostedfortoday.com\/nl\/massages-op-het-werk\/","name":"Massages op het werk - Yoga@Office - in-company zittende massage","isPartOf":{"@id":"https:\/\/yogaoffice.hostedfortoday.com\/nl\/#website"},"primaryImageOfPage":{"@id":"https:\/\/yogaoffice.hostedfortoday.com\/nl\/massages-op-het-werk\/#primaryimage"},"image":{"@id":"https:\/\/yogaoffice.hostedfortoday.com\/nl\/massages-op-het-werk\/#primaryimage"},"thumbnailUrl":"https:\/\/yogaoffice.hostedfortoday.com\/wp-content\/uploads\/2024\/06\/2_MDB_2124-ConvertImage-1920x1280.jpeg","datePublished":"2024-04-20T22:09:10+00:00","dateModified":"2024-06-13T11:22:21+00:00","description":"Massages op het werk: zittende massage op stoel & zonder olie in uw bedrijf - Bied uw teams een unieke ervaring","breadcrumb":{"@id":"https:\/\/yogaoffice.hostedfortoday.com\/nl\/massages-op-het-werk\/#breadcrumb"},"inLanguage":"nl-NL","potentialAction":[{"@type":"ReadAction","target":["https:\/\/yogaoffice.hostedfortoday.com\/nl\/massages-op-het-werk\/"]}]},{"@type":"ImageObject","inLanguage":"nl-NL","@id":"https:\/\/yogaoffice.hostedfortoday.com\/nl\/massages-op-het-werk\/#primaryimage","url":"https:\/\/yogaoffice.hostedfortoday.com\/wp-content\/uploads\/2024\/06\/2_MDB_2124-ConvertImage-1920x1280.jpeg","contentUrl":"https:\/\/yogaoffice.hostedfortoday.com\/wp-content\/uploads\/2024\/06\/2_MDB_2124-ConvertImage-1920x1280.jpeg","width":2560,"height":1707},{"@type":"BreadcrumbList","@id":"https:\/\/yogaoffice.hostedfortoday.com\/nl\/massages-op-het-werk\/#breadcrumb","itemListElement":[{"@type":"ListItem","position":1,"name":"Accueil","item":"https:\/\/yogaoffice.hostedfortoday.com\/nl\/"},{"@type":"ListItem","position":2,"name":"Massages op het werk"}]},{"@type":"WebSite","@id":"https:\/\/yogaoffice.hostedfortoday.com\/nl\/#website","url":"https:\/\/yogaoffice.hostedfortoday.com\/nl\/","name":"Yoga@Office","description":"votre partenaire bien-\u00eatre en entreprise","potentialAction":[{"@type":"SearchAction","target":{"@type":"EntryPoint","urlTemplate":"https:\/\/yogaoffice.hostedfortoday.com\/nl\/?s={search_term_string}"},"query-input":{"@type":"PropertyValueSpecification","valueRequired":true,"valueName":"search_term_string"}}],"inLanguage":"nl-NL"}]}},"_links":{"self":[{"href":"https:\/\/yogaoffice.hostedfortoday.com\/nl\/wp-json\/wp\/v2\/pages\/663","targetHints":{"allow":["GET"]}}],"collection":[{"href":"https:\/\/yogaoffice.hostedfortoday.com\/nl\/wp-json\/wp\/v2\/pages"}],"about":[{"href":"https:\/\/yogaoffice.hostedfortoday.com\/nl\/wp-json\/wp\/v2\/types\/page"}],"author":[{"embeddable":true,"href":"https:\/\/yogaoffice.hostedfortoday.com\/nl\/wp-json\/wp\/v2\/users\/1"}],"replies":[{"embeddable":true,"href":"https:\/\/yogaoffice.hostedfortoday.com\/nl\/wp-json\/wp\/v2\/comments?post=663"}],"version-history":[{"count":8,"href":"https:\/\/yogaoffice.hostedfortoday.com\/nl\/wp-json\/wp\/v2\/pages\/663\/revisions"}],"predecessor-version":[{"id":1850,"href":"https:\/\/yogaoffice.hostedfortoday.com\/nl\/wp-json\/wp\/v2\/pages\/663\/revisions\/1850"}],"wp:featuredmedia":[{"embeddable":true,"href":"https:\/\/yogaoffice.hostedfortoday.com\/nl\/wp-json\/wp\/v2\/media\/1340"}],"wp:attachment":[{"href":"https:\/\/yogaoffice.hostedfortoday.com\/nl\/wp-json\/wp\/v2\/media?parent=663"}],"curies":[{"name":"wp","href":"https:\/\/api.w.org\/{rel}","templated":true}]}}