{"id":656,"date":"2024-04-17T23:10:52","date_gmt":"2024-04-17T21:10:52","guid":{"rendered":"https:\/\/yogaoffice.hostedfortoday.com\/faq\/"},"modified":"2024-05-30T22:32:53","modified_gmt":"2024-05-30T20:32:53","slug":"faq","status":"publish","type":"page","link":"https:\/\/yogaoffice.hostedfortoday.com\/nl\/faq\/","title":{"rendered":"FAQ"},"content":{"rendered":"","protected":false},"excerpt":{"rendered":"","protected":false},"author":1,"featured_media":801,"parent":0,"menu_order":0,"comment_status":"closed","ping_status":"closed","template":"","meta":{"_acf_changed":false,"footnotes":""},"class_list":["post-656","page","type-page","status-publish","has-post-thumbnail","hentry"],"acf":{"sections":[{"acf_fc_layout":"faq","identifiant_section":"","titre":"Hoe verloopt de organisatie van dit soort welzijnsmomenten in jouw bedrijf?","question":[{"question":"Hebben we een grote ruimte nodig voor deze in-house lessen en workshops?","reponse":"Nee, niet noodzakelijk. We komen bij je langs om de beschikbare ruimte te bekijken. Zo weten we onmiddellijk hoeveel mensen er kunnen deelnemen. Voor de yoga- en pilateslessen kan dit een vergaderruimte zijn waar we stoelen en tafels opzij schuiven aan het begin van elke les. <strong>Een aparte ruimte is dus niet nodig!<\/strong>\r\n\r\nAndere bedrijven in hetzelfde gebouw of in de buurt bieden eventueel ook creatieve oplossingen. Stoelyoga is ook een optie, waarbij we de bureaustoelen gebruiken voor houdingen die gemakkelijk op andere dagen van de week zelfstandig kunnen worden herhaald door jouw medewerkers.\r\n\r\nDe meeste workshops gaan door al zittend in een vergaderruimte.\r\n\r\nVoor massages is slechts een kleine ruimte nodig. Meestal volstaat een afzonderlijk bureau. Het belangrijkste is dat de ruimte rustig is.\r\n\r\nDit alles bespreken we uiteraard uitgebreid bij het cre\u00ebren van jouw welzijnsprogramma."},{"question":"Zijn douches noodzakelijk?","reponse":"Nee, douches zijn niet nodig. Onze docenten voorzien \u201c<strong>no sweat yoga<\/strong>\u201d. Bovendien zijn onze massages olievrij.\r\n\r\nWil je je werknemers echter uitdagen met een pittige yoga- of pilatesles? Dat is absoluut mogelijk! Een doucheruimte kan dan handig zijn, zodat je personeel in de best mogelijke omstandigheden weer aan het werk kan."},{"question":"Welk materiaal heb ik nodig voor de lessen, massages en workshops?","reponse":"Of je teams nu op kantoor zijn of thuis werken, er is heel weinig materiaal nodig voor onze lessen en workshops.\r\n\r\n<strong>Een goede fitnessmat en wat ruimte<\/strong> eromheen zijn over het algemeen voldoende voor <a href=\"#\">yoga, pilates en andere fysieke disciplines<\/a>. Afhankelijk van de gekozen les kan een kussen en een kleine deken ook handig zijn. De eindontspanning koelt het lichaam namelijk af.\r\n\r\nWe <strong>verhuren ook materiaal<\/strong>. Of we helpen je bij het kiezen van de beste uitrusting om aan te kopen.\r\n\r\nOok voor de <a href=\"#\">massages<\/a> voorzien we alles: van de massagestoel of -tafel tot de verstuiver met etherische oli\u00ebn. Ook kaarsen, indien toegestaan in jouw kantoor.\r\n\r\nWelke formule je ook kiest, we begeleiden je bij elke stap, tot in het kleinste detail."},{"question":"Is een speciale outfit nodig?","reponse":"Ja &amp; nee. Sommige lessen, zoals yoga en pilates, vragen om kleding die aangepast is aan beweging.\r\n\r\nVoor stoelyoga, Do in of ontspanningslessen is gewone loszittende kleding voldoende.\r\n\r\nOok in het geval van <a href=\"#\">stoelmassage<\/a> en de meeste workshops heb je geen speciale kleding nodig. De das wat losser maken kan wel handig zijn!\r\n\r\nOnze docenten geven les in een rustig tempo. We houden er rekening mee dat de meeste bedrijfsteams niet de uitrusting of de tijd hebben om na de les te douchen."},{"question":"Zijn de yogalessen of welzijnsworkshops mogelijk via videoconferentie?  ","reponse":"Ja, al onze lessen en de meeste van onze workshops zijn ook virtueel mogelijk. We bieden onze klanten ook flexibiliteit:\r\n<ul>\r\n \t<li>met pakketten waarmee je vrij tussen on-site en virtuele sessies wisselt;<\/li>\r\n \t<li>met gemengde pakketten. De docent komt naar je locatie op een dag waarop veel leden van je team aanwezig zijn. Je kunt de les vervolgens via videoconferentie doorsturen naar je telewerkers;<\/li>\r\n \t<li>met flexibiliteit in de keuze van het platform. We hebben Zoom-accounts, maar je kan ons ook uitnodigen op je MS Teams, Skype business of andere accounts.<\/li>\r\n<\/ul>"},{"question":"Maar hoe verloopt een welzijnsprogramma van Yoga@Office nu in de praktijk?","reponse":"We luisteren naar wat jouw bedrijf nodig heeft en stemmen daar een specifiek programma op af. <a href=\"#\">Candice Barb\u00e9<\/a>, Yoga@Office oprichtster, hecht veel belang aan een persoonlijke en bevoorrechte relatie met elke klant. Ze stelt haar expertise tot je beschikking om je uitgebreid te adviseren en alle regelingen te treffen.\r\n\r\nWe bespreken alle praktische details, zoals de locatie, het benodigde materiaal en tips en trucs voor je interne communicatie.\r\n\r\nVervolgens krijgt <a href=\"#\">een van onze docenten<\/a> de opdracht. Op de dag van het evenement begeeft deze zich naar de locatie of meldt zich uiterlijk 10 minuten voor aanvang van de les of workshop online aan.\r\n\r\nNaargelang het gekozen programma gaat de docent na of er deelnemers zijn met fysieke of andere belemmeringen. Zo passen we de oefeningen indien nodig aan.\r\n\r\nWe zorgen voor een levendige sfeer tijdens onze <a href=\"#\">workshops<\/a> en maken gebruik van interactieve oefeningen en groepsdynamiek. Na afloop ontvang je een samenvattende pdf- en\/of aanvullend audiodocument die je aan de deelnemers kan bezorgen.\r\n\r\nWelke formule je ook kiest, er is altijd ruimte voor vragen en\/of feedback van de deelnemers."},{"question":"Zijn lessen en workshops op maat mogelijk als onderdeel van een Seniority Plan?","reponse":"Ja, dit is mogelijk. We doen dit reeds voor verschillende bedrijven. Onze instructeurs zijn opgeleid om verschillende doelgroepen te begeleiden, waaronder ook 50+ medewerkers.\r\n\r\nAlle lessen zijn op een zachtere manier te geven. Stoelyoga en Do In zijn bijzonder geschikte opties.\r\n\r\nDe <a href=\"#\">workshops<\/a> zijn perfect toegankelijk voor alle leeftijden. Zelfs de Living intentionally workshop, gericht op het cre\u00ebren van nieuwe gewoontes. Er is namelijk geen leeftijdsgrens om je leven mooier te maken!\r\n\r\nHeb je een gemengd publiek? Dan passen we de inhoud van de lessen indien nodig aan. Zo zijn er voldoende alternatieve oefeningen die passen bij het niveau en de leeftijd van elk individu. Ontspanningssessies en stoelmassage zijn ook uitstekende keuzes, door iedereen gewaardeerd."},{"question":"Pourquoi les solutions de Yoga@Office plut\u00f4t qu'un abonnement \u00e0 une salle de sport pour vos employ\u00e9s \/ des ch\u00e8ques sport ?","reponse":"We garanderen <strong>professionele ondersteuning<\/strong> die rekening houdt met de specifieke situatie van elke deelnemer. Dit zorgt voor een aanzienlijk lager risico op blessures en een grotere effici\u00ebntie.\r\n\r\nWij zijn specialisten in het luisteren naar de exacte behoeften van bedrijven op het gebied van welzijn. Op die manier garanderen we <strong>programma's die zijn afgestemd op de specifieke eisen van elk individu<\/strong>.\r\n\r\nHet zijn niet je teams die zich moeten aanpassen aan het aanbod van een sportschool, maar wij die ons aanpassen aan hun behoeften.\r\n\r\nBovendien <strong>versterkt het samen deelnemen aan een les of workshop de teamcohesie<\/strong>. Collega's ontmoeten elkaar in een andere context, wat goed is voor de teamspirit. Medewerkers van verschillende afdelingen leren elkaar beter kennen. Dit cre\u00ebert een andere sfeer in je bedrijf, die bevorderlijk is voor de samenwerking en toewijding aan een gezamenlijk doel.\r\n\r\nDe lessen en workshops gaan bovendien door binnen het bedrijf, tijdens de kantooruren. Dit betekent dat je werknemers <strong>nieuwe energie kunnen opdoen zonder zich te moeten verplaatsen<\/strong>, bijvoorbeeld tijdens hun lunchpauze. Zo genieten ze van hun welzijnsmoment op het moment dat ze dat het meest nodig hebben.\r\n\r\nEn last but not least, in tegenstelling tot andere formules zoals sportcheques, is de Yoga@Office oplossing ook <strong>volledig fiscaal aftrekbaar<\/strong>."}]},{"acf_fc_layout":"quote","identifiant_section":"","motifs":"none","quote":"Wil je met ons samenwerken? Heb je nog vragen? We zijn er om ze allemaal te beantwoorden! ","auteur":""},{"acf_fc_layout":"boutons","identifiant_section":"","liens":[{"type_de_lien":true,"new_frame":false,"titre_lien":"Ik wil gecontacteerd worden","lien":"mailto:candice@yogaoffice.be","ancre":""}]}]},"yoast_head":"<!-- This site is optimized with the Yoast SEO plugin v27.4 - https:\/\/yoast.com\/product\/yoast-seo-wordpress\/ -->\n<title>FAQ - Yoga@Office<\/title>\n<meta name=\"robots\" content=\"noindex, follow, max-snippet:-1, max-image-preview:large, max-video-preview:-1\" \/>\n<meta property=\"og:locale\" content=\"nl_NL\" \/>\n<meta property=\"og:type\" content=\"article\" \/>\n<meta property=\"og:title\" content=\"FAQ - Yoga@Office\" \/>\n<meta property=\"og:url\" content=\"https:\/\/yogaoffice.hostedfortoday.com\/nl\/faq\/\" \/>\n<meta property=\"og:site_name\" content=\"Yoga@Office\" \/>\n<meta property=\"article:modified_time\" content=\"2024-05-30T20:32:53+00:00\" \/>\n<meta property=\"og:image\" content=\"https:\/\/yogaoffice.hostedfortoday.com\/wp-content\/uploads\/2024\/04\/ambiance_massage_YogaOffice.jpg\" \/>\n\t<meta property=\"og:image:width\" content=\"2500\" \/>\n\t<meta property=\"og:image:height\" content=\"1663\" \/>\n\t<meta property=\"og:image:type\" content=\"image\/jpeg\" \/>\n<meta name=\"twitter:card\" content=\"summary_large_image\" \/>\n<meta name=\"twitter:label1\" content=\"Geschatte leestijd\" \/>\n\t<meta name=\"twitter:data1\" content=\"1 minuut\" \/>\n<script type=\"application\/ld+json\" class=\"yoast-schema-graph\">{\"@context\":\"https:\\\/\\\/schema.org\",\"@graph\":[{\"@type\":\"WebPage\",\"@id\":\"https:\\\/\\\/yogaoffice.hostedfortoday.com\\\/nl\\\/faq\\\/\",\"url\":\"https:\\\/\\\/yogaoffice.hostedfortoday.com\\\/nl\\\/faq\\\/\",\"name\":\"FAQ - Yoga@Office\",\"isPartOf\":{\"@id\":\"https:\\\/\\\/yogaoffice.hostedfortoday.com\\\/nl\\\/#website\"},\"primaryImageOfPage\":{\"@id\":\"https:\\\/\\\/yogaoffice.hostedfortoday.com\\\/nl\\\/faq\\\/#primaryimage\"},\"image\":{\"@id\":\"https:\\\/\\\/yogaoffice.hostedfortoday.com\\\/nl\\\/faq\\\/#primaryimage\"},\"thumbnailUrl\":\"https:\\\/\\\/yogaoffice.hostedfortoday.com\\\/wp-content\\\/uploads\\\/2024\\\/06\\\/DSC_6090-1920x1280.jpg\",\"datePublished\":\"2024-04-17T21:10:52+00:00\",\"dateModified\":\"2024-05-30T20:32:53+00:00\",\"breadcrumb\":{\"@id\":\"https:\\\/\\\/yogaoffice.hostedfortoday.com\\\/nl\\\/faq\\\/#breadcrumb\"},\"inLanguage\":\"nl-NL\",\"potentialAction\":[{\"@type\":\"ReadAction\",\"target\":[\"https:\\\/\\\/yogaoffice.hostedfortoday.com\\\/nl\\\/faq\\\/\"]}]},{\"@type\":\"ImageObject\",\"inLanguage\":\"nl-NL\",\"@id\":\"https:\\\/\\\/yogaoffice.hostedfortoday.com\\\/nl\\\/faq\\\/#primaryimage\",\"url\":\"https:\\\/\\\/yogaoffice.hostedfortoday.com\\\/wp-content\\\/uploads\\\/2024\\\/06\\\/DSC_6090-1920x1280.jpg\",\"contentUrl\":\"https:\\\/\\\/yogaoffice.hostedfortoday.com\\\/wp-content\\\/uploads\\\/2024\\\/06\\\/DSC_6090-1920x1280.jpg\",\"width\":2560,\"height\":1707,\"caption\":\"Yoga@Office - Frequently asked questions - bien-\u00eatre en entreprise\"},{\"@type\":\"BreadcrumbList\",\"@id\":\"https:\\\/\\\/yogaoffice.hostedfortoday.com\\\/nl\\\/faq\\\/#breadcrumb\",\"itemListElement\":[{\"@type\":\"ListItem\",\"position\":1,\"name\":\"Accueil\",\"item\":\"https:\\\/\\\/yogaoffice.hostedfortoday.com\\\/nl\\\/\"},{\"@type\":\"ListItem\",\"position\":2,\"name\":\"FAQ\"}]},{\"@type\":\"WebSite\",\"@id\":\"https:\\\/\\\/yogaoffice.hostedfortoday.com\\\/nl\\\/#website\",\"url\":\"https:\\\/\\\/yogaoffice.hostedfortoday.com\\\/nl\\\/\",\"name\":\"Yoga@Office\",\"description\":\"votre partenaire bien-\u00eatre en entreprise\",\"potentialAction\":[{\"@type\":\"SearchAction\",\"target\":{\"@type\":\"EntryPoint\",\"urlTemplate\":\"https:\\\/\\\/yogaoffice.hostedfortoday.com\\\/nl\\\/?s={search_term_string}\"},\"query-input\":{\"@type\":\"PropertyValueSpecification\",\"valueRequired\":true,\"valueName\":\"search_term_string\"}}],\"inLanguage\":\"nl-NL\"}]}<\/script>\n<!-- \/ Yoast SEO plugin. -->","yoast_head_json":{"title":"FAQ - Yoga@Office","robots":{"index":"noindex","follow":"follow","max-snippet":"max-snippet:-1","max-image-preview":"max-image-preview:large","max-video-preview":"max-video-preview:-1"},"og_locale":"nl_NL","og_type":"article","og_title":"FAQ - Yoga@Office","og_url":"https:\/\/yogaoffice.hostedfortoday.com\/nl\/faq\/","og_site_name":"Yoga@Office","article_modified_time":"2024-05-30T20:32:53+00:00","og_image":[{"width":2500,"height":1663,"url":"https:\/\/yogaoffice.hostedfortoday.com\/wp-content\/uploads\/2024\/04\/ambiance_massage_YogaOffice.jpg","type":"image\/jpeg"}],"twitter_card":"summary_large_image","twitter_misc":{"Geschatte leestijd":"1 minuut"},"schema":{"@context":"https:\/\/schema.org","@graph":[{"@type":"WebPage","@id":"https:\/\/yogaoffice.hostedfortoday.com\/nl\/faq\/","url":"https:\/\/yogaoffice.hostedfortoday.com\/nl\/faq\/","name":"FAQ - Yoga@Office","isPartOf":{"@id":"https:\/\/yogaoffice.hostedfortoday.com\/nl\/#website"},"primaryImageOfPage":{"@id":"https:\/\/yogaoffice.hostedfortoday.com\/nl\/faq\/#primaryimage"},"image":{"@id":"https:\/\/yogaoffice.hostedfortoday.com\/nl\/faq\/#primaryimage"},"thumbnailUrl":"https:\/\/yogaoffice.hostedfortoday.com\/wp-content\/uploads\/2024\/06\/DSC_6090-1920x1280.jpg","datePublished":"2024-04-17T21:10:52+00:00","dateModified":"2024-05-30T20:32:53+00:00","breadcrumb":{"@id":"https:\/\/yogaoffice.hostedfortoday.com\/nl\/faq\/#breadcrumb"},"inLanguage":"nl-NL","potentialAction":[{"@type":"ReadAction","target":["https:\/\/yogaoffice.hostedfortoday.com\/nl\/faq\/"]}]},{"@type":"ImageObject","inLanguage":"nl-NL","@id":"https:\/\/yogaoffice.hostedfortoday.com\/nl\/faq\/#primaryimage","url":"https:\/\/yogaoffice.hostedfortoday.com\/wp-content\/uploads\/2024\/06\/DSC_6090-1920x1280.jpg","contentUrl":"https:\/\/yogaoffice.hostedfortoday.com\/wp-content\/uploads\/2024\/06\/DSC_6090-1920x1280.jpg","width":2560,"height":1707,"caption":"Yoga@Office - Frequently asked questions - bien-\u00eatre en entreprise"},{"@type":"BreadcrumbList","@id":"https:\/\/yogaoffice.hostedfortoday.com\/nl\/faq\/#breadcrumb","itemListElement":[{"@type":"ListItem","position":1,"name":"Accueil","item":"https:\/\/yogaoffice.hostedfortoday.com\/nl\/"},{"@type":"ListItem","position":2,"name":"FAQ"}]},{"@type":"WebSite","@id":"https:\/\/yogaoffice.hostedfortoday.com\/nl\/#website","url":"https:\/\/yogaoffice.hostedfortoday.com\/nl\/","name":"Yoga@Office","description":"votre partenaire bien-\u00eatre en entreprise","potentialAction":[{"@type":"SearchAction","target":{"@type":"EntryPoint","urlTemplate":"https:\/\/yogaoffice.hostedfortoday.com\/nl\/?s={search_term_string}"},"query-input":{"@type":"PropertyValueSpecification","valueRequired":true,"valueName":"search_term_string"}}],"inLanguage":"nl-NL"}]}},"_links":{"self":[{"href":"https:\/\/yogaoffice.hostedfortoday.com\/nl\/wp-json\/wp\/v2\/pages\/656","targetHints":{"allow":["GET"]}}],"collection":[{"href":"https:\/\/yogaoffice.hostedfortoday.com\/nl\/wp-json\/wp\/v2\/pages"}],"about":[{"href":"https:\/\/yogaoffice.hostedfortoday.com\/nl\/wp-json\/wp\/v2\/types\/page"}],"author":[{"embeddable":true,"href":"https:\/\/yogaoffice.hostedfortoday.com\/nl\/wp-json\/wp\/v2\/users\/1"}],"replies":[{"embeddable":true,"href":"https:\/\/yogaoffice.hostedfortoday.com\/nl\/wp-json\/wp\/v2\/comments?post=656"}],"version-history":[{"count":2,"href":"https:\/\/yogaoffice.hostedfortoday.com\/nl\/wp-json\/wp\/v2\/pages\/656\/revisions"}],"predecessor-version":[{"id":662,"href":"https:\/\/yogaoffice.hostedfortoday.com\/nl\/wp-json\/wp\/v2\/pages\/656\/revisions\/662"}],"wp:featuredmedia":[{"embeddable":true,"href":"https:\/\/yogaoffice.hostedfortoday.com\/nl\/wp-json\/wp\/v2\/media\/801"}],"wp:attachment":[{"href":"https:\/\/yogaoffice.hostedfortoday.com\/nl\/wp-json\/wp\/v2\/media?parent=656"}],"curies":[{"name":"wp","href":"https:\/\/api.w.org\/{rel}","templated":true}]}}