{"id":650,"date":"2024-05-08T00:37:37","date_gmt":"2024-05-07T22:37:37","guid":{"rendered":"https:\/\/yogaoffice.hostedfortoday.com\/espaces-bien-etre\/"},"modified":"2024-06-13T22:11:20","modified_gmt":"2024-06-13T20:11:20","slug":"welzijnsruimtes","status":"publish","type":"page","link":"https:\/\/yogaoffice.hostedfortoday.com\/nl\/welzijnsruimtes\/","title":{"rendered":"Welzijnsruimtes"},"content":{"rendered":"","protected":false},"excerpt":{"rendered":"","protected":false},"author":1,"featured_media":1887,"parent":0,"menu_order":0,"comment_status":"closed","ping_status":"closed","template":"","meta":{"_acf_changed":false,"footnotes":""},"class_list":["post-650","page","type-page","status-publish","has-post-thumbnail","hentry"],"acf":{"sections":[{"acf_fc_layout":"quote","identifiant_section":"","motifs":"none","quote":"Zin om het welzijn van je teams naar een hoger niveau te tillen? Een speciale welzijnsruimte is absoluut een te ontdekken oplossing waard!","auteur":""},{"acf_fc_layout":"content","identifiant_section":"","titre":"","content":"Een stimulerende omgeving is van fundamenteel belang voor de gezondheid, het geluk en de productiviteit van je teams. In de snelle bedrijfsomgeving van vandaag is het bieden van een oase van rust niet langer een luxe, maar een echte noodzaak.\r\n\r\nLaat je dus verrassen door de mogelijkheden van een multifunctionele ontspanningsruimte in je bedrijf, op maat gemaakt.","liens":null},{"acf_fc_layout":"content","identifiant_section":"Beeld je even in...","titre":"Beeld je even in...","content":"... een weldoordachte ruimte in het hart van je kantoor. Een omgeving waar stress verdwijnt en rust heerst. Stel je comfortabele fauteuils voor en de rustgevende kleur van een groene muur. Zachte, warme verlichting cre\u00ebrt een vredige sfeer .\r\n\r\nEen verwelkomende plek voor je werknemers, waar elk detail ontworpen is om fysieke en mentale ontspanning te bevorderen. Een plek ontworpen voor een perfecte harmonie tussen esthetiek en functionaliteit.","liens":null},{"acf_fc_layout":"slider_images","identifiant_section":"","images":[1683,1361,1680,1352,1319,280,1874,1880,1877]},{"acf_fc_layout":"content","identifiant_section":"Waarom een welzijnsruimte cre\u00ebren in je kantoor?","titre":"Waarom een welzijnsruimte cre\u00ebren in je kantoor?","content":"<h3>Beter stressmanagement<\/h3>\r\nOok goed beheerde korte termijn stress vraagt om te balanceren met momenten van ontspanning. Om te voorkomen dat de stress schadelijk wordt op lange termijn. Het aanbieden van een cocon van rust binnen je kantoren kan een groot verschil maken in het stressmanagement van je werknemers. Door hen aan te moedigen een ontspannende pauze te nemen, heb je een indirect effect op het <strong>voorkomen van ziekteverzuim<\/strong>.\r\n<h3>Een groot voordeel: je teams verliezen geen tijd<\/h3>\r\nJe werknemers dienen het gebouw immers niet te verlaten om korte pauzes te nemen. <strong>Een herbronnende pauze hoeft namelijk absoluut niet lang te duren<\/strong>. Verbaas jezelf van het diepgaand rustgevende effect van onze vakkundig gecre\u00eberde ruimtes. Wij cre\u00ebren de ideale omgeving voor je werknemers zodat ze weer uitgerust en effici\u00ebnt aan het werk kunnen!\r\n<h3>Talrijke toepassingsmogelijkheden<\/h3>\r\nGun elke werknemer zijn of haar eigen manier om te ontspannen: een kopje thee, even lezen, een praatje met een collega op een rustige plek, een ademhalingsoefening die ze tijdens een van onze workshops leren, enz.\r\n\r\nDeze ontspanningsruimtes lenen zich ook uitstekend voor <a href=\"https:\/\/yogaoffice.hostedfortoday.com\/nl\/yoga-pilates-op-de-werkplek\/\">ontspannende lessen<\/a> of <a href=\"https:\/\/yogaoffice.hostedfortoday.com\/nl\/massages-op-het-werk\/\">massagesessies<\/a>. Ook ideaal voor je <a href=\"https:\/\/yogaoffice.hostedfortoday.com\/nl\/welzijnsworkshops-en-teambuilding\/\">teambuilding sessies<\/a>.\r\n\r\nGedaan met frustratie omdat er geen vergaderzaal beschikbaar is! En geen verspilde tijd of budget meer met het huren van een externe ruimte.\r\n<h3>Profileer jezelf als een aantrekkelijke werkgever<\/h3>\r\nHet cre\u00ebren van een ontspanningsruimte is een grote aanwinst voor je bedrijf. Het is een manier om je werknemers extra te verwennen. Je kunt je er mee profileren als een aantrekkelijke werkgever om nieuw talent aan te trekken. Bovendien <strong>motiveert het je personeel om het telewerken achter zich te laten<\/strong> en naar kantoor te komen.","liens":[{"type_de_lien":true,"new_frame":false,"titre_lien":"Ik verken graag de mogelijkheden van een welzijnsruimte","ancre":"","lien":"mailto:candice@yogaoffice.be"}]},{"acf_fc_layout":"content","identifiant_section":"Maak kennis met de mensen achter de creatie van jouw welzijnsruimte","titre":"Maak kennis met de mensen achter de creatie van jouw welzijnsruimte","content":"<h3>Candice - oprichtster van Yoga@Office<\/h3>\r\n<em>\u201cIk gebruik graag mijn expertise op het gebied van welzijn om herbronnende zenruimtes te cre\u00ebren. Dit stelt me in staat om aandachtig in te spelen op de unieke behoeften en ambities van elk bedrijf.<\/em>\r\n\r\n<em>In samenwerking met Laurence heb ik al verschillende yogastudio's - die toe waren aan een grondige opknapbeurt - omgetoverd tot nog meer heerlijke ontspanningsplekken.\u201d<\/em>\r\n<h3>Laurence - architect<\/h3>\r\nLaurence combineert creativiteit en een pragmatische aanpak om esthetische en nuttige ontspanningsruimtes te ontwerpen. Haar bureau, LoMo Studio, is gespecialiseerd in het ontwerpen van professionele en winkelruimtes. Haar creaties combineren schoonheid en welzijn zonder budget en functionaliteit uit het oog te verliezen. Van dutjesruimtes tot cocoonhoekjes, Laurence zet je visie om in een mooie, tastbare realiteit.\r\n<h3>Anne-Sophie - Feng Shui specialist<\/h3>\r\nAnne-Sophie voegt een extra dimensie aan positieve energie toe aan je projecten. Als auteur van het boek \u201cNouveau feng shui: Donnez du sens \u00e0 votre int\u00e9rieur\", excelleert ze in het omzetten van de eeuwenoude principes van deze Chinese praktijk naar onze Europese visie om het welzijn en de prestaties van iedereen te verbeteren.","liens":null},{"acf_fc_layout":"content","identifiant_section":"Waar te beginnen?","titre":"Waar te beginnen?","content":"Of je nu een kleine of grote ruimte hebt, een laag of hoog budget, wij staan klaar om te luisteren. Wij bieden een creatief antwoord dat past binnen het kader en de cultuur van je bedrijf.\r\n\r\n<strong>Maak van de kantoren van je bedrijf meer dan alleen een plek om te werken: maak er een ruimte van waar je team nieuwe energie kan opdoen en tot bloei kan komen<\/strong>. Samen kunnen we jouw visie tot leven brengen!","liens":[{"type_de_lien":true,"new_frame":false,"titre_lien":"Ja, ik wil een welzijnsruimte cre\u00ebren","ancre":"","lien":"mailto:candice@yogaoffice.be"}]},{"acf_fc_layout":"3_colonnes_images_texte","identifiant_section":"Onze andere voorstellen voor bedrijfswelzijn","titre":"Onze andere voorstellen voor bedrijfswelzijn","description":"","cartes":[{"image":223,"titre":"Yoga, Pilates et Do in","description":"Ontdek hoe deze ontspannende groepslessen, gericht op de harmonie van lichaam en geest, uw teams kunnen helpen veel vloeiender samen te werken en de kwaliteit van leven op het werk in uw bedrijf aanzienlijk kunnen verbeteren.","url":{"title":"Yoga & Pilates en entreprise","url":"https:\/\/yogaoffice.hostedfortoday.com\/yoga-pilates-en-entreprise\/","target":""}},{"image":274,"titre":"Kantoormassage","description":"Bied uw teams een moment van totale ontspanning, waarna ze ontspannen, met een frisse geest en dankbaar voor dit cadeau zullen terugkeren! De massage op het werk blijft de eerste keuze van de meeste medewerkers.","url":{"title":"Massages en entreprise","url":"https:\/\/yogaoffice.hostedfortoday.com\/massages-en-entreprise\/","target":""}},{"image":1235,"titre":"Welzijnsworkshops en teambuilding","description":"Deze workshops stellen uw team in staat elkaar vanuit een ander perspectief te leren kennen door samen een waardevol welzijnsinstrument te leren. Het is een originele teambuilding-idee! Mindfulness, ergonomie, lachyoga \u2013 ontdek de vele mogelijkheden.","url":{"title":"Ateliers bien-\u00eatre et teambuilding","url":"https:\/\/yogaoffice.hostedfortoday.com\/ateliers-bien-etre-et-teambuilding\/","target":""}}]}]},"yoast_head":"<!-- This site is optimized with the Yoast SEO plugin v27.4 - https:\/\/yoast.com\/product\/yoast-seo-wordpress\/ -->\n<title>Welzijnsruimtes - Yoga@Office - Cre\u00eber een ontspanningsruimte in je kantoren<\/title>\n<meta name=\"description\" content=\"Welzijnsruimtes - Maak van je bedrijf meer dan alleen een plek om te werken: maak er een ruimte van waar je team tot bloei kan komen\" \/>\n<meta name=\"robots\" content=\"noindex, follow, max-snippet:-1, max-image-preview:large, max-video-preview:-1\" \/>\n<meta property=\"og:locale\" content=\"nl_NL\" \/>\n<meta property=\"og:type\" content=\"article\" \/>\n<meta property=\"og:title\" content=\"Welzijnsruimtes - Yoga@Office - Cre\u00eber een ontspanningsruimte in je kantoren\" \/>\n<meta property=\"og:description\" content=\"Welzijnsruimtes - Maak van je bedrijf meer dan alleen een plek om te werken: maak er een ruimte van waar je team tot bloei kan komen\" \/>\n<meta property=\"og:url\" content=\"https:\/\/yogaoffice.hostedfortoday.com\/nl\/welzijnsruimtes\/\" \/>\n<meta property=\"og:site_name\" content=\"Yoga@Office\" \/>\n<meta property=\"article:modified_time\" content=\"2024-06-13T20:11:20+00:00\" \/>\n<meta property=\"og:image\" content=\"https:\/\/yogaoffice.hostedfortoday.com\/wp-content\/uploads\/2024\/06\/banniere-1.jpeg\" \/>\n\t<meta property=\"og:image:width\" content=\"1920\" \/>\n\t<meta property=\"og:image:height\" content=\"770\" \/>\n\t<meta property=\"og:image:type\" content=\"image\/jpeg\" \/>\n<meta name=\"twitter:card\" content=\"summary_large_image\" \/>\n<meta name=\"twitter:label1\" content=\"Geschatte leestijd\" \/>\n\t<meta name=\"twitter:data1\" content=\"8 minuten\" \/>\n<script type=\"application\/ld+json\" class=\"yoast-schema-graph\">{\"@context\":\"https:\\\/\\\/schema.org\",\"@graph\":[{\"@type\":\"WebPage\",\"@id\":\"https:\\\/\\\/yogaoffice.hostedfortoday.com\\\/nl\\\/welzijnsruimtes\\\/\",\"url\":\"https:\\\/\\\/yogaoffice.hostedfortoday.com\\\/nl\\\/welzijnsruimtes\\\/\",\"name\":\"Welzijnsruimtes - Yoga@Office - Cre\u00eber een ontspanningsruimte in je kantoren\",\"isPartOf\":{\"@id\":\"https:\\\/\\\/yogaoffice.hostedfortoday.com\\\/nl\\\/#website\"},\"primaryImageOfPage\":{\"@id\":\"https:\\\/\\\/yogaoffice.hostedfortoday.com\\\/nl\\\/welzijnsruimtes\\\/#primaryimage\"},\"image\":{\"@id\":\"https:\\\/\\\/yogaoffice.hostedfortoday.com\\\/nl\\\/welzijnsruimtes\\\/#primaryimage\"},\"thumbnailUrl\":\"https:\\\/\\\/yogaoffice.hostedfortoday.com\\\/wp-content\\\/uploads\\\/2024\\\/06\\\/banniere-1.jpeg\",\"datePublished\":\"2024-05-07T22:37:37+00:00\",\"dateModified\":\"2024-06-13T20:11:20+00:00\",\"description\":\"Welzijnsruimtes - Maak van je bedrijf meer dan alleen een plek om te werken: maak er een ruimte van waar je team tot bloei kan komen\",\"breadcrumb\":{\"@id\":\"https:\\\/\\\/yogaoffice.hostedfortoday.com\\\/nl\\\/welzijnsruimtes\\\/#breadcrumb\"},\"inLanguage\":\"nl-NL\",\"potentialAction\":[{\"@type\":\"ReadAction\",\"target\":[\"https:\\\/\\\/yogaoffice.hostedfortoday.com\\\/nl\\\/welzijnsruimtes\\\/\"]}]},{\"@type\":\"ImageObject\",\"inLanguage\":\"nl-NL\",\"@id\":\"https:\\\/\\\/yogaoffice.hostedfortoday.com\\\/nl\\\/welzijnsruimtes\\\/#primaryimage\",\"url\":\"https:\\\/\\\/yogaoffice.hostedfortoday.com\\\/wp-content\\\/uploads\\\/2024\\\/06\\\/banniere-1.jpeg\",\"contentUrl\":\"https:\\\/\\\/yogaoffice.hostedfortoday.com\\\/wp-content\\\/uploads\\\/2024\\\/06\\\/banniere-1.jpeg\",\"width\":1920,\"height\":770},{\"@type\":\"BreadcrumbList\",\"@id\":\"https:\\\/\\\/yogaoffice.hostedfortoday.com\\\/nl\\\/welzijnsruimtes\\\/#breadcrumb\",\"itemListElement\":[{\"@type\":\"ListItem\",\"position\":1,\"name\":\"Accueil\",\"item\":\"https:\\\/\\\/yogaoffice.hostedfortoday.com\\\/nl\\\/\"},{\"@type\":\"ListItem\",\"position\":2,\"name\":\"Welzijnsruimtes\"}]},{\"@type\":\"WebSite\",\"@id\":\"https:\\\/\\\/yogaoffice.hostedfortoday.com\\\/nl\\\/#website\",\"url\":\"https:\\\/\\\/yogaoffice.hostedfortoday.com\\\/nl\\\/\",\"name\":\"Yoga@Office\",\"description\":\"votre partenaire bien-\u00eatre en entreprise\",\"potentialAction\":[{\"@type\":\"SearchAction\",\"target\":{\"@type\":\"EntryPoint\",\"urlTemplate\":\"https:\\\/\\\/yogaoffice.hostedfortoday.com\\\/nl\\\/?s={search_term_string}\"},\"query-input\":{\"@type\":\"PropertyValueSpecification\",\"valueRequired\":true,\"valueName\":\"search_term_string\"}}],\"inLanguage\":\"nl-NL\"}]}<\/script>\n<!-- \/ Yoast SEO plugin. -->","yoast_head_json":{"title":"Welzijnsruimtes - Yoga@Office - Cre\u00eber een ontspanningsruimte in je kantoren","description":"Welzijnsruimtes - Maak van je bedrijf meer dan alleen een plek om te werken: maak er een ruimte van waar je team tot bloei kan komen","robots":{"index":"noindex","follow":"follow","max-snippet":"max-snippet:-1","max-image-preview":"max-image-preview:large","max-video-preview":"max-video-preview:-1"},"og_locale":"nl_NL","og_type":"article","og_title":"Welzijnsruimtes - Yoga@Office - Cre\u00eber een ontspanningsruimte in je kantoren","og_description":"Welzijnsruimtes - Maak van je bedrijf meer dan alleen een plek om te werken: maak er een ruimte van waar je team tot bloei kan komen","og_url":"https:\/\/yogaoffice.hostedfortoday.com\/nl\/welzijnsruimtes\/","og_site_name":"Yoga@Office","article_modified_time":"2024-06-13T20:11:20+00:00","og_image":[{"width":1920,"height":770,"url":"https:\/\/yogaoffice.hostedfortoday.com\/wp-content\/uploads\/2024\/06\/banniere-1.jpeg","type":"image\/jpeg"}],"twitter_card":"summary_large_image","twitter_misc":{"Geschatte leestijd":"8 minuten"},"schema":{"@context":"https:\/\/schema.org","@graph":[{"@type":"WebPage","@id":"https:\/\/yogaoffice.hostedfortoday.com\/nl\/welzijnsruimtes\/","url":"https:\/\/yogaoffice.hostedfortoday.com\/nl\/welzijnsruimtes\/","name":"Welzijnsruimtes - Yoga@Office - Cre\u00eber een ontspanningsruimte in je kantoren","isPartOf":{"@id":"https:\/\/yogaoffice.hostedfortoday.com\/nl\/#website"},"primaryImageOfPage":{"@id":"https:\/\/yogaoffice.hostedfortoday.com\/nl\/welzijnsruimtes\/#primaryimage"},"image":{"@id":"https:\/\/yogaoffice.hostedfortoday.com\/nl\/welzijnsruimtes\/#primaryimage"},"thumbnailUrl":"https:\/\/yogaoffice.hostedfortoday.com\/wp-content\/uploads\/2024\/06\/banniere-1.jpeg","datePublished":"2024-05-07T22:37:37+00:00","dateModified":"2024-06-13T20:11:20+00:00","description":"Welzijnsruimtes - Maak van je bedrijf meer dan alleen een plek om te werken: maak er een ruimte van waar je team tot bloei kan komen","breadcrumb":{"@id":"https:\/\/yogaoffice.hostedfortoday.com\/nl\/welzijnsruimtes\/#breadcrumb"},"inLanguage":"nl-NL","potentialAction":[{"@type":"ReadAction","target":["https:\/\/yogaoffice.hostedfortoday.com\/nl\/welzijnsruimtes\/"]}]},{"@type":"ImageObject","inLanguage":"nl-NL","@id":"https:\/\/yogaoffice.hostedfortoday.com\/nl\/welzijnsruimtes\/#primaryimage","url":"https:\/\/yogaoffice.hostedfortoday.com\/wp-content\/uploads\/2024\/06\/banniere-1.jpeg","contentUrl":"https:\/\/yogaoffice.hostedfortoday.com\/wp-content\/uploads\/2024\/06\/banniere-1.jpeg","width":1920,"height":770},{"@type":"BreadcrumbList","@id":"https:\/\/yogaoffice.hostedfortoday.com\/nl\/welzijnsruimtes\/#breadcrumb","itemListElement":[{"@type":"ListItem","position":1,"name":"Accueil","item":"https:\/\/yogaoffice.hostedfortoday.com\/nl\/"},{"@type":"ListItem","position":2,"name":"Welzijnsruimtes"}]},{"@type":"WebSite","@id":"https:\/\/yogaoffice.hostedfortoday.com\/nl\/#website","url":"https:\/\/yogaoffice.hostedfortoday.com\/nl\/","name":"Yoga@Office","description":"votre partenaire bien-\u00eatre en entreprise","potentialAction":[{"@type":"SearchAction","target":{"@type":"EntryPoint","urlTemplate":"https:\/\/yogaoffice.hostedfortoday.com\/nl\/?s={search_term_string}"},"query-input":{"@type":"PropertyValueSpecification","valueRequired":true,"valueName":"search_term_string"}}],"inLanguage":"nl-NL"}]}},"_links":{"self":[{"href":"https:\/\/yogaoffice.hostedfortoday.com\/nl\/wp-json\/wp\/v2\/pages\/650","targetHints":{"allow":["GET"]}}],"collection":[{"href":"https:\/\/yogaoffice.hostedfortoday.com\/nl\/wp-json\/wp\/v2\/pages"}],"about":[{"href":"https:\/\/yogaoffice.hostedfortoday.com\/nl\/wp-json\/wp\/v2\/types\/page"}],"author":[{"embeddable":true,"href":"https:\/\/yogaoffice.hostedfortoday.com\/nl\/wp-json\/wp\/v2\/users\/1"}],"replies":[{"embeddable":true,"href":"https:\/\/yogaoffice.hostedfortoday.com\/nl\/wp-json\/wp\/v2\/comments?post=650"}],"version-history":[{"count":4,"href":"https:\/\/yogaoffice.hostedfortoday.com\/nl\/wp-json\/wp\/v2\/pages\/650\/revisions"}],"predecessor-version":[{"id":1894,"href":"https:\/\/yogaoffice.hostedfortoday.com\/nl\/wp-json\/wp\/v2\/pages\/650\/revisions\/1894"}],"wp:featuredmedia":[{"embeddable":true,"href":"https:\/\/yogaoffice.hostedfortoday.com\/nl\/wp-json\/wp\/v2\/media\/1887"}],"wp:attachment":[{"href":"https:\/\/yogaoffice.hostedfortoday.com\/nl\/wp-json\/wp\/v2\/media?parent=650"}],"curies":[{"name":"wp","href":"https:\/\/api.w.org\/{rel}","templated":true}]}}