{"id":675,"date":"2024-04-20T23:28:52","date_gmt":"2024-04-20T21:28:52","guid":{"rendered":"https:\/\/yogaoffice.hostedfortoday.com\/notre-equipe\/"},"modified":"2024-06-10T14:08:52","modified_gmt":"2024-06-10T12:08:52","slug":"notre-equipe","status":"publish","type":"page","link":"https:\/\/yogaoffice.hostedfortoday.com\/en\/notre-equipe\/","title":{"rendered":"Our team"},"content":{"rendered":"","protected":false},"excerpt":{"rendered":"","protected":false},"author":1,"featured_media":445,"parent":0,"menu_order":0,"comment_status":"closed","ping_status":"closed","template":"","meta":{"_acf_changed":false,"footnotes":""},"class_list":["post-675","page","type-page","status-publish","has-post-thumbnail","hentry"],"acf":{"sections":[{"acf_fc_layout":"quote","identifiant_section":"Intro texte","motifs":"none","quote":"Expertise, care for detail, human warmth & professionalism. Our Yoga@Office team carries these values with passion","auteur":""},{"acf_fc_layout":"content","identifiant_section":"Introduction","titre":"","content":"Yoga@Office has the honor of working with this fine team of yoga and pilates teachers, massage therapists, nutritionists, mindfulness and relaxation experts, sleep quality experts, ergonomists, aromatherapists, coaches and sophrologists.\r\n\r\nEach of them is a certified practitioner in their own field, and passionate about bringing more wellbeing into the workplace.\r\n\r\nThis team, which has been growing steadily since 2018, is led by Candice Barb\u00e9, the founder of Yoga@Office. She carefully selects each member to guarantee the highest quality, in all 3 languages.\r\n\r\nLeen supports her in this task since 2022, to ensure that you continue to receive meticulous, attentive and rapid service, as well as creative and original solutions.","liens":null},{"acf_fc_layout":"quote","identifiant_section":"","motifs":"motif1","quote":"Les orthodontistes ainsi que les assistantes dentaires ont particuli\u00e8rement appr\u00e9ci\u00e9 ces moments de d\u00e9tente. Vos masseurs ont fait preuve d'un professionnalisme remarquable et ont su cr\u00e9er une atmosph\u00e8re relaxante qui a permis \u00e0 chacun de se d\u00e9tendre pleinement. Nous sommes tr\u00e8s satisfaits de la qualit\u00e9 de vos services et de l'attention port\u00e9e \u00e0 nos besoins sp\u00e9cifiques. Je vous remercie et esp\u00e8re avoir l'occasion de collaborer de nouveau avec vous \u00e0 l\u2019avenir.","auteur":"Dorcas, D.E. ORTHO"},{"acf_fc_layout":"equipe","titre_general":"","sous_titre_equipe":"ALL OUR TEACHERS, MASSEURS AND WELLNESS COACHES","description_equipe":""},{"acf_fc_layout":"quote","identifiant_section":"","motifs":"none","quote":"Interested in witnessing the benefits of our team's teachings on quality of life at work and wellbeing in your company?","auteur":""},{"acf_fc_layout":"boutons","identifiant_section":"","liens":[{"type_de_lien":true,"new_frame":false,"titre_lien":"Yes, I want to know more","lien":"mailto:candice@yogaoffice.be","ancre":""}]},{"acf_fc_layout":"quote","identifiant_section":"","motifs":"none","quote":"Ben jij een gemotiveerde leraar\/coach\/masseur die ons dreamteam wil komen versterken? Solliciteer dan nu!","auteur":""},{"acf_fc_layout":"boutons","identifiant_section":"","liens":[{"type_de_lien":true,"new_frame":false,"titre_lien":"Join us ! ","lien":"mailto:candice@yogaoffice.be","ancre":""}]},{"acf_fc_layout":"grande_image","identifiant_section":"","image":1308}]},"yoast_head":"<!-- This site is optimized with the Yoast SEO plugin v27.4 - https:\/\/yoast.com\/product\/yoast-seo-wordpress\/ -->\n<title>Our team - Yoga@Office<\/title>\n<meta name=\"robots\" content=\"noindex, follow, max-snippet:-1, max-image-preview:large, max-video-preview:-1\" \/>\n<meta property=\"og:locale\" content=\"en_US\" \/>\n<meta property=\"og:type\" content=\"article\" \/>\n<meta property=\"og:title\" content=\"Our team - Yoga@Office\" \/>\n<meta property=\"og:url\" content=\"https:\/\/yogaoffice.hostedfortoday.com\/en\/notre-equipe\/\" \/>\n<meta property=\"og:site_name\" content=\"Yoga@Office\" \/>\n<meta property=\"article:modified_time\" content=\"2024-06-10T12:08:52+00:00\" \/>\n<meta property=\"og:image\" content=\"https:\/\/yogaoffice.hostedfortoday.com\/wp-content\/uploads\/2024\/05\/team21-2.jpg\" \/>\n\t<meta property=\"og:image:width\" content=\"1920\" \/>\n\t<meta property=\"og:image:height\" content=\"812\" \/>\n\t<meta property=\"og:image:type\" content=\"image\/jpeg\" \/>\n<meta name=\"twitter:card\" content=\"summary_large_image\" \/>\n<meta name=\"twitter:label1\" content=\"Est. reading time\" \/>\n\t<meta name=\"twitter:data1\" content=\"2 minutes\" \/>\n<script type=\"application\/ld+json\" class=\"yoast-schema-graph\">{\"@context\":\"https:\\\/\\\/schema.org\",\"@graph\":[{\"@type\":\"WebPage\",\"@id\":\"https:\\\/\\\/yogaoffice.hostedfortoday.com\\\/en\\\/notre-equipe\\\/\",\"url\":\"https:\\\/\\\/yogaoffice.hostedfortoday.com\\\/en\\\/notre-equipe\\\/\",\"name\":\"Our team - Yoga@Office\",\"isPartOf\":{\"@id\":\"https:\\\/\\\/yogaoffice.hostedfortoday.com\\\/en\\\/#website\"},\"primaryImageOfPage\":{\"@id\":\"https:\\\/\\\/yogaoffice.hostedfortoday.com\\\/en\\\/notre-equipe\\\/#primaryimage\"},\"image\":{\"@id\":\"https:\\\/\\\/yogaoffice.hostedfortoday.com\\\/en\\\/notre-equipe\\\/#primaryimage\"},\"thumbnailUrl\":\"https:\\\/\\\/yogaoffice.hostedfortoday.com\\\/wp-content\\\/uploads\\\/2024\\\/05\\\/team21-2.jpg\",\"datePublished\":\"2024-04-20T21:28:52+00:00\",\"dateModified\":\"2024-06-10T12:08:52+00:00\",\"breadcrumb\":{\"@id\":\"https:\\\/\\\/yogaoffice.hostedfortoday.com\\\/en\\\/notre-equipe\\\/#breadcrumb\"},\"inLanguage\":\"en-US\",\"potentialAction\":[{\"@type\":\"ReadAction\",\"target\":[\"https:\\\/\\\/yogaoffice.hostedfortoday.com\\\/en\\\/notre-equipe\\\/\"]}]},{\"@type\":\"ImageObject\",\"inLanguage\":\"en-US\",\"@id\":\"https:\\\/\\\/yogaoffice.hostedfortoday.com\\\/en\\\/notre-equipe\\\/#primaryimage\",\"url\":\"https:\\\/\\\/yogaoffice.hostedfortoday.com\\\/wp-content\\\/uploads\\\/2024\\\/05\\\/team21-2.jpg\",\"contentUrl\":\"https:\\\/\\\/yogaoffice.hostedfortoday.com\\\/wp-content\\\/uploads\\\/2024\\\/05\\\/team21-2.jpg\",\"width\":1920,\"height\":812},{\"@type\":\"BreadcrumbList\",\"@id\":\"https:\\\/\\\/yogaoffice.hostedfortoday.com\\\/en\\\/notre-equipe\\\/#breadcrumb\",\"itemListElement\":[{\"@type\":\"ListItem\",\"position\":1,\"name\":\"Accueil\",\"item\":\"https:\\\/\\\/yogaoffice.hostedfortoday.com\\\/en\\\/\"},{\"@type\":\"ListItem\",\"position\":2,\"name\":\"Our team\"}]},{\"@type\":\"WebSite\",\"@id\":\"https:\\\/\\\/yogaoffice.hostedfortoday.com\\\/en\\\/#website\",\"url\":\"https:\\\/\\\/yogaoffice.hostedfortoday.com\\\/en\\\/\",\"name\":\"Yoga@Office\",\"description\":\"votre partenaire bien-\u00eatre en entreprise\",\"potentialAction\":[{\"@type\":\"SearchAction\",\"target\":{\"@type\":\"EntryPoint\",\"urlTemplate\":\"https:\\\/\\\/yogaoffice.hostedfortoday.com\\\/en\\\/?s={search_term_string}\"},\"query-input\":{\"@type\":\"PropertyValueSpecification\",\"valueRequired\":true,\"valueName\":\"search_term_string\"}}],\"inLanguage\":\"en-US\"}]}<\/script>\n<!-- \/ Yoast SEO plugin. -->","yoast_head_json":{"title":"Our team - Yoga@Office","robots":{"index":"noindex","follow":"follow","max-snippet":"max-snippet:-1","max-image-preview":"max-image-preview:large","max-video-preview":"max-video-preview:-1"},"og_locale":"en_US","og_type":"article","og_title":"Our team - Yoga@Office","og_url":"https:\/\/yogaoffice.hostedfortoday.com\/en\/notre-equipe\/","og_site_name":"Yoga@Office","article_modified_time":"2024-06-10T12:08:52+00:00","og_image":[{"width":1920,"height":812,"url":"https:\/\/yogaoffice.hostedfortoday.com\/wp-content\/uploads\/2024\/05\/team21-2.jpg","type":"image\/jpeg"}],"twitter_card":"summary_large_image","twitter_misc":{"Est. reading time":"2 minutes"},"schema":{"@context":"https:\/\/schema.org","@graph":[{"@type":"WebPage","@id":"https:\/\/yogaoffice.hostedfortoday.com\/en\/notre-equipe\/","url":"https:\/\/yogaoffice.hostedfortoday.com\/en\/notre-equipe\/","name":"Our team - Yoga@Office","isPartOf":{"@id":"https:\/\/yogaoffice.hostedfortoday.com\/en\/#website"},"primaryImageOfPage":{"@id":"https:\/\/yogaoffice.hostedfortoday.com\/en\/notre-equipe\/#primaryimage"},"image":{"@id":"https:\/\/yogaoffice.hostedfortoday.com\/en\/notre-equipe\/#primaryimage"},"thumbnailUrl":"https:\/\/yogaoffice.hostedfortoday.com\/wp-content\/uploads\/2024\/05\/team21-2.jpg","datePublished":"2024-04-20T21:28:52+00:00","dateModified":"2024-06-10T12:08:52+00:00","breadcrumb":{"@id":"https:\/\/yogaoffice.hostedfortoday.com\/en\/notre-equipe\/#breadcrumb"},"inLanguage":"en-US","potentialAction":[{"@type":"ReadAction","target":["https:\/\/yogaoffice.hostedfortoday.com\/en\/notre-equipe\/"]}]},{"@type":"ImageObject","inLanguage":"en-US","@id":"https:\/\/yogaoffice.hostedfortoday.com\/en\/notre-equipe\/#primaryimage","url":"https:\/\/yogaoffice.hostedfortoday.com\/wp-content\/uploads\/2024\/05\/team21-2.jpg","contentUrl":"https:\/\/yogaoffice.hostedfortoday.com\/wp-content\/uploads\/2024\/05\/team21-2.jpg","width":1920,"height":812},{"@type":"BreadcrumbList","@id":"https:\/\/yogaoffice.hostedfortoday.com\/en\/notre-equipe\/#breadcrumb","itemListElement":[{"@type":"ListItem","position":1,"name":"Accueil","item":"https:\/\/yogaoffice.hostedfortoday.com\/en\/"},{"@type":"ListItem","position":2,"name":"Our team"}]},{"@type":"WebSite","@id":"https:\/\/yogaoffice.hostedfortoday.com\/en\/#website","url":"https:\/\/yogaoffice.hostedfortoday.com\/en\/","name":"Yoga@Office","description":"votre partenaire bien-\u00eatre en entreprise","potentialAction":[{"@type":"SearchAction","target":{"@type":"EntryPoint","urlTemplate":"https:\/\/yogaoffice.hostedfortoday.com\/en\/?s={search_term_string}"},"query-input":{"@type":"PropertyValueSpecification","valueRequired":true,"valueName":"search_term_string"}}],"inLanguage":"en-US"}]}},"_links":{"self":[{"href":"https:\/\/yogaoffice.hostedfortoday.com\/en\/wp-json\/wp\/v2\/pages\/675","targetHints":{"allow":["GET"]}}],"collection":[{"href":"https:\/\/yogaoffice.hostedfortoday.com\/en\/wp-json\/wp\/v2\/pages"}],"about":[{"href":"https:\/\/yogaoffice.hostedfortoday.com\/en\/wp-json\/wp\/v2\/types\/page"}],"author":[{"embeddable":true,"href":"https:\/\/yogaoffice.hostedfortoday.com\/en\/wp-json\/wp\/v2\/users\/1"}],"replies":[{"embeddable":true,"href":"https:\/\/yogaoffice.hostedfortoday.com\/en\/wp-json\/wp\/v2\/comments?post=675"}],"version-history":[{"count":4,"href":"https:\/\/yogaoffice.hostedfortoday.com\/en\/wp-json\/wp\/v2\/pages\/675\/revisions"}],"predecessor-version":[{"id":1326,"href":"https:\/\/yogaoffice.hostedfortoday.com\/en\/wp-json\/wp\/v2\/pages\/675\/revisions\/1326"}],"wp:featuredmedia":[{"embeddable":true,"href":"https:\/\/yogaoffice.hostedfortoday.com\/en\/wp-json\/wp\/v2\/media\/445"}],"wp:attachment":[{"href":"https:\/\/yogaoffice.hostedfortoday.com\/en\/wp-json\/wp\/v2\/media?parent=675"}],"curies":[{"name":"wp","href":"https:\/\/api.w.org\/{rel}","templated":true}]}}