{"id":664,"date":"2024-04-21T00:09:10","date_gmt":"2024-04-20T22:09:10","guid":{"rendered":"https:\/\/yogaoffice.hostedfortoday.com\/massages-en-entreprise\/"},"modified":"2024-06-13T13:43:54","modified_gmt":"2024-06-13T11:43:54","slug":"massages-at-work","status":"publish","type":"page","link":"https:\/\/yogaoffice.hostedfortoday.com\/en\/massages-at-work\/","title":{"rendered":"Massages at work"},"content":{"rendered":"","protected":false},"excerpt":{"rendered":"","protected":false},"author":1,"featured_media":1341,"parent":0,"menu_order":0,"comment_status":"closed","ping_status":"closed","template":"","meta":{"_acf_changed":false,"footnotes":""},"class_list":["post-664","page","type-page","status-publish","has-post-thumbnail","hentry"],"acf":{"sections":[{"acf_fc_layout":"quote","identifiant_section":"","motifs":"none","quote":"Our seated massages bring relaxation and rejuvenation to your teams","auteur":""},{"acf_fc_layout":"content","identifiant_section":"","titre":"","content":"<span style=\"font-weight: 400;\">Discover ultimate rejuvenation at the office with our Yoga@Office chair massages. Carefully crafted down to the smallest detail, our massages offer your team members a moment of pure relaxation. Wearing normal clothing and without oil, our brief but highly effective sessions are offered in a cocoon atmosphere that we carefully create. The undisputed 'must-have' for your teams.<\/span>","liens":null},{"acf_fc_layout":"content","identifiant_section":"Why offer massage sessions at your company?","titre":"Why offer massage sessions at your company?","content":"During periods of stress, your teams not only experience <strong>mental strain, but very often physical strain too<\/strong>. The shoulders, neck and back are particularly affected. These are precisely the areas targeted by seated massage.\r\n\r\nDevelopments over the last few years and the hybrid work environment have placed high demands on the flexibility of your teams. They have reinforced the need for moments dedicated just to them, to help them recharge and deal with the <strong>pressures of everyday life<\/strong>.\r\n\r\nOur in-office massages immediately leave your employees feeling relaxed and better about themselves. They also influence their state of mind and enhance their ability to concentrate.\r\n\r\nIn addition, it's an <strong>excellent motivation for them to make the trip to your company's premises<\/strong>, sometimes too empty since teleworking has become more common.\r\n\r\nA massage for your team members is <strong>seen as a real gift, and highly appreciated<\/strong>. Most employees rank it as their number one choice for a wellbeing moment in surveys.\r\n<h3>So expect to see big smiles in the corridors as they leave their massage sessions to head back to work!<\/h3>","liens":null},{"acf_fc_layout":"boutons","identifiant_section":"","liens":[{"type_de_lien":true,"new_frame":false,"titre_lien":"I want these massages in my office","lien":"mailto:candice@yogaoffice.be","ancre":""}]},{"acf_fc_layout":"quote","identifiant_section":"","motifs":"motif3","quote":"It was really great! Everyone seemed to enjoy very much! We will revert to you for future events as well when needed. Thank you again for the punctuality and professionalism!","auteur":"Andreea, BOSTON CONSULTING GROUP"},{"acf_fc_layout":"slider_images","identifiant_section":"","images":[278,475,281,1350,1353,1356,1371,1365,1368,1377]},{"acf_fc_layout":"content","identifiant_section":"benefits","titre":"What are the benefits of these massages?","content":"<h3><span style=\"font-weight: 400;\">Scientifically proven effects<\/span><\/h3>\r\n<span style=\"font-weight: 400;\">Numerous studies have demonstrated the stress-reducing benefits of seated massage.<\/span>\r\n\r\n<span style=\"font-weight: 400;\">As with any massage, it <\/span><b>increases the production of 2 hormones<\/b><span style=\"font-weight: 400;\">: oxytocin and serotonin. Both play an <\/span><b>immense role in our mood and wellbeing<\/b><span style=\"font-weight: 400;\">. The result: more confidence and empathy, and less anxiety.\u00a0<\/span>\r\n\r\n<span style=\"font-weight: 400;\">Read our detailed article <\/span><span style=\"font-weight: 400;\">to find out more about these effects.\u00a0<\/span>\r\n<h3><\/h3>\r\n<h3><span style=\"font-weight: 400;\">A duration perfectly adapted to the pace of business<\/span><\/h3>\r\n<span style=\"font-weight: 400;\">One of the <\/span><b>great advantages of this technique is its duration<\/b><span style=\"font-weight: 400;\">. In just<\/span><b> 15-20 minutes<\/b><span style=\"font-weight: 400;\">, this massage allows you to completely clear your head and release physical tension. Designed specifically for office use, where it's all about efficiency.\u00a0<\/span>\r\n\r\n<span style=\"font-weight: 400;\">Not every team can afford to devote 1 hour or more to a <\/span><span style=\"font-weight: 400;\">yoga class <\/span><span style=\"font-weight: 400;\">or <\/span><span style=\"font-weight: 400;\">workshop<\/span><span style=\"font-weight: 400;\">. This makes it an ideal solution for <\/span><b>teams with busy schedules<\/b><span style=\"font-weight: 400;\">!\u00a0<\/span>\r\n\r\n<span style=\"font-weight: 400;\">The duration of seated massage also makes it a<\/span><b> perfect solution for your events<\/b><span style=\"font-weight: 400;\">. Picture a walking cocktail party or a day of seminars with several massage therapists at your employees' disposal. Each in turn can receive a short chair massage session for an original touch to your events.\u00a0<\/span>\r\n<h3><\/h3>\r\n<h3><span style=\"font-weight: 400;\">No need to change clothes<\/span><\/h3>\r\n<span style=\"font-weight: 400;\">This massage can be enjoyed while wearing ordinary office attire. There's <\/span><b>no oil <\/b><span style=\"font-weight: 400;\">involved. This means your employee can move straight from the massage chair to his or her office chair, or to the next client meeting!\u00a0<\/span>\r\n<h3><\/h3>\r\n<h3><span style=\"font-weight: 400;\">Very easy to organize in your office<\/span><\/h3>\r\n<span style=\"font-weight: 400;\">We'll take care of everything! Seated massage needs very little organization on your part and <\/span><b>requires very little space<\/b><span style=\"font-weight: 400;\">: a simple office room is all you need.<\/span>","liens":null},{"acf_fc_layout":"quote","identifiant_section":"","motifs":"none","quote":"Create a positive image by offering your teams these unique moments of wellbeing. Many companies have put their trust in us without the slightest regret!","auteur":""},{"acf_fc_layout":"boutons","identifiant_section":"","liens":[{"type_de_lien":true,"new_frame":false,"titre_lien":"I'd like more information","lien":"mailto:candice@yogaoffice.be","ancre":""}]},{"acf_fc_layout":"content","identifiant_section":"special touch","titre":"Yoga@Office's special touch","content":"<span style=\"font-weight: 400;\">Massage is sacred to Yoga@Office! This is why we<\/span><b> take care of the smallest details<\/b><span style=\"font-weight: 400;\"> to create complete moments of wellbeing and optimize their benefits.\u00a0<\/span>\r\n\r\n<span style=\"font-weight: 400;\">We use <\/span><b>essential oils <\/b><span style=\"font-weight: 400;\">for their pleasant scent, relaxing effects and air purification. <\/span><b>Gentle music<\/b><span style=\"font-weight: 400;\"> and candles are provided if permitted.<\/span>\r\n\r\n<span style=\"font-weight: 400;\">We also take great care to ensure hygiene, disinfecting contact surfaces after each massage. <\/span><b>Every member of our team is carefully selected<\/b><span style=\"font-weight: 400;\"> to guarantee the high standard of service we provide. <\/span><span style=\"font-weight: 400;\">\r\n<\/span><span style=\"font-weight: 400;\">\r\n<\/span><span style=\"font-weight: 400;\">For your events where a team of numerous masseurs is required, we appoint a team leader. This person arrives earlier to work out any last-minute details with you to <\/span><b>ensure that your event is a complete success.<\/b>\r\n\r\nWatch our video below to get a better idea of our vision of massage...","liens":null},{"acf_fc_layout":"video","identifiant_section":"","video":"https:\/\/www.youtube.com\/watch?v=PR9UN7A-EXo"},{"acf_fc_layout":"3_colonnes_texte","identifiant_section":"Our tailor-made options","titre":"Our tailor-made options","description":"Most often we recommend a seated massage on the well-known ergonomic chair - the Amma massage. It combines shiatsu and other techniques to release accumulated tension in the upper body: skull, neck, shoulders, back and hands. \r\n\r\n\r\nNevertheless, Yoga@Office also offers other types of massage - always with clothes on - which may be better suited to your particular needs. ","cartes":[{"titre":"Back massage","description":"On a table or futon. Relieves strain on the back, an area that works a lot.","url":""},{"titre":"Foot massage","description":"Reflexology or Ayurvedic type. Done dry, or using a small metal bowl with dry oil. Highly energising. ","url":""},{"titre":"Hand massage","description":"This massage treats an area of the body that is highly solicited at work and accumulates a great deal of tension.","url":""},{"titre":"Cranial massage","description":"Alternate gentle and more vigorous movements to relieve muscular tension and stress and encourage concentration.","url":""}],"texte_voir_plus":"","texte_voir_moins":""},{"acf_fc_layout":"content","identifiant_section":"What's the best way to organize these massages in the office space?","titre":"What's the best way to organize these massages in the office space?","content":"<span style=\"font-weight: 400;\">We will work closely with you to <\/span><b>design a wellbeing program tailored to the needs and desires of your teams, to match your schedules and rhythms<\/b><span style=\"font-weight: 400;\">.<\/span>\r\n\r\n<span style=\"font-weight: 400;\">It might be for an event or wellbeing day where a large number of our team members come to massage large groups. Or it can be a regular session in your office.\u00a0<\/span>\r\n\r\n<b>We handle everything <\/b><span style=\"font-weight: 400;\">to make your life easier:<\/span>\r\n<ul>\r\n \t<li style=\"font-weight: 400;\" aria-level=\"1\"><span style=\"font-weight: 400;\">we supply all the necessary equipment: professional, compact and suitable for the office\u00a0<\/span><\/li>\r\n \t<li style=\"font-weight: 400;\" aria-level=\"1\"><span style=\"font-weight: 400;\">we assist you in your <\/span><b>internal communications <\/b><span style=\"font-weight: 400;\">to ensure that your initiative is a great success<\/span><\/li>\r\n \t<li style=\"font-weight: 400;\" aria-level=\"1\"><span style=\"font-weight: 400;\">we stay in <\/span><b>regular contact<\/b><span style=\"font-weight: 400;\"> with the person in charge to make any necessary adjustments based on feedback from participants\u00a0<\/span><\/li>\r\n \t<li style=\"font-weight: 400;\" aria-level=\"1\"><span style=\"font-weight: 400;\">we <\/span><b>take care of the planning and registration<\/b><span style=\"font-weight: 400;\"> of your employees\u00a0<\/span><\/li>\r\n<\/ul>","liens":[{"type_de_lien":true,"new_frame":true,"titre_lien":"I  book an appointment to discuss it","ancre":"","lien":"https:\/\/calendly.com\/yoga_office\/rencontre-virtuelle-bien-etre-en-entreprise"}]},{"acf_fc_layout":"quote","identifiant_section":"","motifs":"motif2","quote":"Les s\u00e9ances de massages en fin de semaine pass\u00e9e \u00e9taient superbes et notre staff \u00e0 fortement appr\u00e9ci\u00e9","auteur":"Karolin, MCI GROUP"},{"acf_fc_layout":"3_colonnes_images_texte","identifiant_section":"Our other corporate wellness proposals","titre":"Our other corporate wellness proposals","description":"","cartes":[{"image":224,"titre":"Yoga, Pilates and Do in","description":"Discover how these relaxing group classes, focused on the harmony of body and mind, can lead your teams to work much more smoothly and significantly improve the quality of life at work in your company.","url":{"title":"Yoga & Pilates en entreprise","url":"https:\/\/yogaoffice.hostedfortoday.com\/yoga-pilates-en-entreprise\/","target":""}},{"image":1236,"titre":"Wellbeing workshops and teambuildings","description":"These workshops enable your team to get to know each other from a different angle, by sharing the learning experience of a valuable well-being tool. It's an original teambuilding idea! Mindfulness, Ergonomics, Laughter Yoga, discover the vast possibilities.","url":{"title":"Ateliers bien-\u00eatre et teambuilding","url":"https:\/\/yogaoffice.hostedfortoday.com\/ateliers-bien-etre-et-teambuilding\/","target":""}},{"image":1320,"titre":"Wellbeing spaces","description":"A stimulating environment is fundamental for the health, happiness, and productivity of your teams. In the fast-paced nature of today's professional environments, offering a haven of tranquility is no longer a luxury but a true necessity.","url":{"title":"Espaces bien-\u00eatre","url":"https:\/\/yogaoffice.hostedfortoday.com\/espaces-bien-etre\/","target":""}}]}]},"yoast_head":"<!-- This site is optimized with the Yoast SEO plugin v27.4 - https:\/\/yoast.com\/product\/yoast-seo-wordpress\/ -->\n<title>Massages at work - Yoga@Office - Chair massages at the office<\/title>\n<meta name=\"description\" content=\"Massages at work: chair massage without oil at your premises - Offer your teams a unique experience of corporate sitting massage\" \/>\n<meta name=\"robots\" content=\"noindex, follow, max-snippet:-1, max-image-preview:large, max-video-preview:-1\" \/>\n<meta property=\"og:locale\" content=\"en_US\" \/>\n<meta property=\"og:type\" content=\"article\" \/>\n<meta property=\"og:title\" content=\"Massages at work - Yoga@Office - Chair massages at the office\" \/>\n<meta property=\"og:description\" content=\"Massages at work: chair massage without oil at your premises - Offer your teams a unique experience of corporate sitting massage\" \/>\n<meta property=\"og:url\" content=\"https:\/\/yogaoffice.hostedfortoday.com\/en\/massages-at-work\/\" \/>\n<meta property=\"og:site_name\" content=\"Yoga@Office\" \/>\n<meta property=\"article:modified_time\" content=\"2024-06-13T11:43:54+00:00\" \/>\n<meta property=\"og:image\" content=\"https:\/\/yogaoffice.hostedfortoday.com\/wp-content\/uploads\/2024\/06\/2_MDB_2124-ConvertImage-1920x1280.jpeg\" \/>\n\t<meta property=\"og:image:width\" content=\"2560\" \/>\n\t<meta property=\"og:image:height\" content=\"1707\" \/>\n\t<meta property=\"og:image:type\" content=\"image\/jpeg\" \/>\n<meta name=\"twitter:card\" content=\"summary_large_image\" \/>\n<meta name=\"twitter:label1\" content=\"Est. reading time\" \/>\n\t<meta name=\"twitter:data1\" content=\"9 minutes\" \/>\n<script type=\"application\/ld+json\" class=\"yoast-schema-graph\">{\"@context\":\"https:\\\/\\\/schema.org\",\"@graph\":[{\"@type\":\"WebPage\",\"@id\":\"https:\\\/\\\/yogaoffice.hostedfortoday.com\\\/en\\\/massages-at-work\\\/\",\"url\":\"https:\\\/\\\/yogaoffice.hostedfortoday.com\\\/en\\\/massages-at-work\\\/\",\"name\":\"Massages at work - Yoga@Office - Chair massages at the office\",\"isPartOf\":{\"@id\":\"https:\\\/\\\/yogaoffice.hostedfortoday.com\\\/en\\\/#website\"},\"primaryImageOfPage\":{\"@id\":\"https:\\\/\\\/yogaoffice.hostedfortoday.com\\\/en\\\/massages-at-work\\\/#primaryimage\"},\"image\":{\"@id\":\"https:\\\/\\\/yogaoffice.hostedfortoday.com\\\/en\\\/massages-at-work\\\/#primaryimage\"},\"thumbnailUrl\":\"https:\\\/\\\/yogaoffice.hostedfortoday.com\\\/wp-content\\\/uploads\\\/2024\\\/06\\\/2_MDB_2124-ConvertImage-1920x1280.jpeg\",\"datePublished\":\"2024-04-20T22:09:10+00:00\",\"dateModified\":\"2024-06-13T11:43:54+00:00\",\"description\":\"Massages at work: chair massage without oil at your premises - Offer your teams a unique experience of corporate sitting massage\",\"breadcrumb\":{\"@id\":\"https:\\\/\\\/yogaoffice.hostedfortoday.com\\\/en\\\/massages-at-work\\\/#breadcrumb\"},\"inLanguage\":\"en-US\",\"potentialAction\":[{\"@type\":\"ReadAction\",\"target\":[\"https:\\\/\\\/yogaoffice.hostedfortoday.com\\\/en\\\/massages-at-work\\\/\"]}]},{\"@type\":\"ImageObject\",\"inLanguage\":\"en-US\",\"@id\":\"https:\\\/\\\/yogaoffice.hostedfortoday.com\\\/en\\\/massages-at-work\\\/#primaryimage\",\"url\":\"https:\\\/\\\/yogaoffice.hostedfortoday.com\\\/wp-content\\\/uploads\\\/2024\\\/06\\\/2_MDB_2124-ConvertImage-1920x1280.jpeg\",\"contentUrl\":\"https:\\\/\\\/yogaoffice.hostedfortoday.com\\\/wp-content\\\/uploads\\\/2024\\\/06\\\/2_MDB_2124-ConvertImage-1920x1280.jpeg\",\"width\":2560,\"height\":1707},{\"@type\":\"BreadcrumbList\",\"@id\":\"https:\\\/\\\/yogaoffice.hostedfortoday.com\\\/en\\\/massages-at-work\\\/#breadcrumb\",\"itemListElement\":[{\"@type\":\"ListItem\",\"position\":1,\"name\":\"Accueil\",\"item\":\"https:\\\/\\\/yogaoffice.hostedfortoday.com\\\/en\\\/\"},{\"@type\":\"ListItem\",\"position\":2,\"name\":\"Massages at work\"}]},{\"@type\":\"WebSite\",\"@id\":\"https:\\\/\\\/yogaoffice.hostedfortoday.com\\\/en\\\/#website\",\"url\":\"https:\\\/\\\/yogaoffice.hostedfortoday.com\\\/en\\\/\",\"name\":\"Yoga@Office\",\"description\":\"votre partenaire bien-\u00eatre en entreprise\",\"potentialAction\":[{\"@type\":\"SearchAction\",\"target\":{\"@type\":\"EntryPoint\",\"urlTemplate\":\"https:\\\/\\\/yogaoffice.hostedfortoday.com\\\/en\\\/?s={search_term_string}\"},\"query-input\":{\"@type\":\"PropertyValueSpecification\",\"valueRequired\":true,\"valueName\":\"search_term_string\"}}],\"inLanguage\":\"en-US\"}]}<\/script>\n<!-- \/ Yoast SEO plugin. -->","yoast_head_json":{"title":"Massages at work - Yoga@Office - Chair massages at the office","description":"Massages at work: chair massage without oil at your premises - Offer your teams a unique experience of corporate sitting massage","robots":{"index":"noindex","follow":"follow","max-snippet":"max-snippet:-1","max-image-preview":"max-image-preview:large","max-video-preview":"max-video-preview:-1"},"og_locale":"en_US","og_type":"article","og_title":"Massages at work - Yoga@Office - Chair massages at the office","og_description":"Massages at work: chair massage without oil at your premises - Offer your teams a unique experience of corporate sitting massage","og_url":"https:\/\/yogaoffice.hostedfortoday.com\/en\/massages-at-work\/","og_site_name":"Yoga@Office","article_modified_time":"2024-06-13T11:43:54+00:00","og_image":[{"width":2560,"height":1707,"url":"https:\/\/yogaoffice.hostedfortoday.com\/wp-content\/uploads\/2024\/06\/2_MDB_2124-ConvertImage-1920x1280.jpeg","type":"image\/jpeg"}],"twitter_card":"summary_large_image","twitter_misc":{"Est. reading time":"9 minutes"},"schema":{"@context":"https:\/\/schema.org","@graph":[{"@type":"WebPage","@id":"https:\/\/yogaoffice.hostedfortoday.com\/en\/massages-at-work\/","url":"https:\/\/yogaoffice.hostedfortoday.com\/en\/massages-at-work\/","name":"Massages at work - Yoga@Office - Chair massages at the office","isPartOf":{"@id":"https:\/\/yogaoffice.hostedfortoday.com\/en\/#website"},"primaryImageOfPage":{"@id":"https:\/\/yogaoffice.hostedfortoday.com\/en\/massages-at-work\/#primaryimage"},"image":{"@id":"https:\/\/yogaoffice.hostedfortoday.com\/en\/massages-at-work\/#primaryimage"},"thumbnailUrl":"https:\/\/yogaoffice.hostedfortoday.com\/wp-content\/uploads\/2024\/06\/2_MDB_2124-ConvertImage-1920x1280.jpeg","datePublished":"2024-04-20T22:09:10+00:00","dateModified":"2024-06-13T11:43:54+00:00","description":"Massages at work: chair massage without oil at your premises - Offer your teams a unique experience of corporate sitting massage","breadcrumb":{"@id":"https:\/\/yogaoffice.hostedfortoday.com\/en\/massages-at-work\/#breadcrumb"},"inLanguage":"en-US","potentialAction":[{"@type":"ReadAction","target":["https:\/\/yogaoffice.hostedfortoday.com\/en\/massages-at-work\/"]}]},{"@type":"ImageObject","inLanguage":"en-US","@id":"https:\/\/yogaoffice.hostedfortoday.com\/en\/massages-at-work\/#primaryimage","url":"https:\/\/yogaoffice.hostedfortoday.com\/wp-content\/uploads\/2024\/06\/2_MDB_2124-ConvertImage-1920x1280.jpeg","contentUrl":"https:\/\/yogaoffice.hostedfortoday.com\/wp-content\/uploads\/2024\/06\/2_MDB_2124-ConvertImage-1920x1280.jpeg","width":2560,"height":1707},{"@type":"BreadcrumbList","@id":"https:\/\/yogaoffice.hostedfortoday.com\/en\/massages-at-work\/#breadcrumb","itemListElement":[{"@type":"ListItem","position":1,"name":"Accueil","item":"https:\/\/yogaoffice.hostedfortoday.com\/en\/"},{"@type":"ListItem","position":2,"name":"Massages at work"}]},{"@type":"WebSite","@id":"https:\/\/yogaoffice.hostedfortoday.com\/en\/#website","url":"https:\/\/yogaoffice.hostedfortoday.com\/en\/","name":"Yoga@Office","description":"votre partenaire bien-\u00eatre en entreprise","potentialAction":[{"@type":"SearchAction","target":{"@type":"EntryPoint","urlTemplate":"https:\/\/yogaoffice.hostedfortoday.com\/en\/?s={search_term_string}"},"query-input":{"@type":"PropertyValueSpecification","valueRequired":true,"valueName":"search_term_string"}}],"inLanguage":"en-US"}]}},"_links":{"self":[{"href":"https:\/\/yogaoffice.hostedfortoday.com\/en\/wp-json\/wp\/v2\/pages\/664","targetHints":{"allow":["GET"]}}],"collection":[{"href":"https:\/\/yogaoffice.hostedfortoday.com\/en\/wp-json\/wp\/v2\/pages"}],"about":[{"href":"https:\/\/yogaoffice.hostedfortoday.com\/en\/wp-json\/wp\/v2\/types\/page"}],"author":[{"embeddable":true,"href":"https:\/\/yogaoffice.hostedfortoday.com\/en\/wp-json\/wp\/v2\/users\/1"}],"replies":[{"embeddable":true,"href":"https:\/\/yogaoffice.hostedfortoday.com\/en\/wp-json\/wp\/v2\/comments?post=664"}],"version-history":[{"count":13,"href":"https:\/\/yogaoffice.hostedfortoday.com\/en\/wp-json\/wp\/v2\/pages\/664\/revisions"}],"predecessor-version":[{"id":1853,"href":"https:\/\/yogaoffice.hostedfortoday.com\/en\/wp-json\/wp\/v2\/pages\/664\/revisions\/1853"}],"wp:featuredmedia":[{"embeddable":true,"href":"https:\/\/yogaoffice.hostedfortoday.com\/en\/wp-json\/wp\/v2\/media\/1341"}],"wp:attachment":[{"href":"https:\/\/yogaoffice.hostedfortoday.com\/en\/wp-json\/wp\/v2\/media?parent=664"}],"curies":[{"name":"wp","href":"https:\/\/api.w.org\/{rel}","templated":true}]}}